{"id":2859,"date":"2025-07-03T08:59:43","date_gmt":"2025-07-03T08:59:43","guid":{"rendered":"https:\/\/englishlanguagemadeeasy.com\/?page_id=2859"},"modified":"2025-07-03T11:52:01","modified_gmt":"2025-07-03T11:52:01","slug":"politique-en-matiere-de-cookies-ue","status":"publish","type":"page","link":"https:\/\/englishlanguagemadeeasy.com\/fr\/politique-en-matiere-de-cookies-ue\/","title":{"rendered":"Politique en mati\u00e8re de cookies (UE)"},"content":{"rendered":"\n<p><em>La pr\u00e9sente politique en mati\u00e8re de cookies a \u00e9t\u00e9 mise \u00e0 jour le 10 avril 2023 et s&rsquo;applique aux citoyens et r\u00e9sidents permanents l\u00e9gaux de l&rsquo;Espace \u00e9conomique europ\u00e9en et de la Suisse.<\/em><\/p>\n\n\n\n<h2 class=\"wp-block-heading\"><strong>1. Introduction<\/strong><\/h2>\n\n\n\n<p>Notre site web, <a href=\"https:\/\/englishlanguagemadeeasy.com\/\"><u>https:\/\/englishlanguagemadeeasy.com<\/u><\/a> (ci-apr\u00e8s d\u00e9nomm\u00e9 \u00ab le site web \u00bb), utilise des cookies et d&rsquo;autres technologies connexes (pour plus de commodit\u00e9, toutes les technologies sont d\u00e9sign\u00e9es sous le terme \u00ab cookies \u00bb). Des cookies sont \u00e9galement plac\u00e9s par des tiers auxquels nous avons fait appel. Dans le document ci-dessous, nous vous informons sur l&rsquo;utilisation des cookies sur notre site web.<\/p>\n\n\n\n<h2 class=\"wp-block-heading\"><strong>2. Que sont les cookies ?<\/strong><\/h2>\n\n\n\n<p>Un cookie est un petit fichier simple qui est envoy\u00e9 avec les pages de ce site web et stock\u00e9 par votre navigateur sur le disque dur de votre ordinateur ou d&rsquo;un autre appareil. Les informations qui y sont stock\u00e9es peuvent \u00eatre renvoy\u00e9es \u00e0 nos serveurs ou aux serveurs des tiers concern\u00e9s lors d&rsquo;une visite ult\u00e9rieure.<\/p>\n\n\n\n<h2 class=\"wp-block-heading\"><strong>3. Que sont les scripts ?<\/strong><\/h2>\n\n\n\n<p>Un script est un morceau de code de programme qui sert \u00e0 faire fonctionner notre site web de mani\u00e8re correcte et interactive. Ce code est ex\u00e9cut\u00e9 sur notre serveur ou sur votre appareil.<\/p>\n\n\n\n<h2 class=\"wp-block-heading\"><strong>4. Qu&rsquo;est-ce qu&rsquo;une balise web ?<\/strong><\/h2>\n\n\n\n<p>Une balise web (ou pixel tag) est un petit \u00e9l\u00e9ment de texte ou d&rsquo;image invisible sur un site web qui sert \u00e0 surveiller le trafic sur un site web. Pour ce faire, diverses donn\u00e9es vous concernant sont enregistr\u00e9es \u00e0 l&rsquo;aide de balises web.<\/p>\n\n\n\n<h2 class=\"wp-block-heading\"><strong>5. Cookies<\/strong><\/h2>\n\n\n\n<p><strong>5.1 Cookies techniques ou fonctionnels<\/strong><\/p>\n\n\n\n<p>Certains cookies garantissent le bon fonctionnement de certaines parties du site web et permettent de m\u00e9moriser vos pr\u00e9f\u00e9rences. En pla\u00e7ant des cookies fonctionnels, nous facilitons votre visite sur notre site web. Ainsi, vous n&rsquo;avez pas besoin de saisir \u00e0 plusieurs reprises les m\u00eames informations lorsque vous visitez notre site web et, par exemple, les articles restent dans votre panier jusqu&rsquo;\u00e0 ce que vous ayez pay\u00e9. Nous pouvons placer ces cookies sans votre consentement.<\/p>\n\n\n\n<p><strong>5.2 Cookies marketing\/suivi<\/strong><\/p>\n\n\n\n<p>Les cookies marketing\/suivi sont des cookies ou toute autre forme de stockage local, utilis\u00e9s pour cr\u00e9er des profils d&rsquo;utilisateurs afin d&rsquo;afficher de la publicit\u00e9 ou de suivre l&rsquo;utilisateur sur ce site web ou sur plusieurs sites web \u00e0 des fins de marketing similaires.<\/p>\n\n\n\n<h2 class=\"wp-block-heading\"><strong>6. Cookies plac\u00e9s<\/strong><\/h2>\n\n\n\n<h3 class=\"wp-block-heading\"><strong>Elementor<\/strong><\/h3>\n\n\n\n<p>Statistiques (anonymes)<\/p>\n\n\n\n<p>Consentement au service Elementor<\/p>\n\n\n\n<h3 class=\"wp-block-heading\"><strong>WordPress<\/strong><\/h3>\n\n\n\n<p>Fonctionnel<\/p>\n\n\n\n<p>Consentement au service WordPress<\/p>\n\n\n\n<h3 class=\"wp-block-heading\"><strong>Klaviyo<\/strong><\/h3>\n\n\n\n<p>Fonctionnel<\/p>\n\n\n\n<p>Consentement au service klaviyo<\/p>\n\n\n\n<h3 class=\"wp-block-heading\"><strong>WordFence<\/strong><\/h3>\n\n\n\n<p>Fonctionnel<\/p>\n\n\n\n<p>Consentement au service wordfence<\/p>\n\n\n\n<h3 class=\"wp-block-heading\"><strong>Google Fonts<\/strong><\/h3>\n\n\n\n<p>Finalit\u00e9 en cours d&rsquo;examen<\/p>\n\n\n\n<p>Consentement au service google-fonts<\/p>\n\n\n\n<h3 class=\"wp-block-heading\"><strong>Google reCAPTCHA<\/strong><\/h3>\n\n\n\n<p>Marketing\/Suivi<\/p>\n\n\n\n<p>Consentement au service google-recaptcha<\/p>\n\n\n\n<h3 class=\"wp-block-heading\"><strong>Google<\/strong><\/h3>\n\n\n\n<p>Marketing\/Suivi<\/p>\n\n\n\n<p>Consentement au service google-maps<\/p>\n\n\n\n<h3 class=\"wp-block-heading\"><strong>Divers<\/strong><\/h3>\n\n\n\n<h2 class=\"wp-block-heading\"><strong>7. Consentement<\/strong><\/h2>\n\n\n\n<p>Lorsque vous visitez notre site web pour la premi\u00e8re fois, nous vous montrons une fen\u00eatre contextuelle contenant des explications sur les cookies. D\u00e8s que vous cliquez sur \u00ab Enregistrer les pr\u00e9f\u00e9rences \u00bb, vous consentez \u00e0 ce que nous utilisions les cat\u00e9gories de cookies et de plug-ins que vous avez s\u00e9lectionn\u00e9es dans la fen\u00eatre contextuelle, comme d\u00e9crit dans la pr\u00e9sente politique en mati\u00e8re de cookies. Vous pouvez d\u00e9sactiver l&rsquo;utilisation des cookies via votre navigateur, mais veuillez noter que notre site web risque alors de ne plus fonctionner correctement.<\/p>\n\n\n\n<p><strong>7.1 G\u00e9rer vos param\u00e8tres de consentement<\/strong><\/p>\n\n\n\n<p>FonctionnelToujours actif<\/p>\n\n\n\n<p>MarketingMarketing<\/p>\n\n\n\n<h2 class=\"wp-block-heading\"><strong>8. Activation\/d\u00e9sactivation et suppression des cookies<\/strong><\/h2>\n\n\n\n<p>Vous pouvez utiliser votre navigateur Internet pour supprimer automatiquement ou manuellement les cookies. Vous pouvez \u00e9galement sp\u00e9cifier que certains cookies ne peuvent pas \u00eatre plac\u00e9s. Une autre option consiste \u00e0 modifier les param\u00e8tres de votre navigateur Internet afin de recevoir un message chaque fois qu&rsquo;un cookie est plac\u00e9. Pour plus d&rsquo;informations sur ces options, veuillez vous reporter aux instructions de la section Aide de votre navigateur.<\/p>\n\n\n\n<p>Veuillez noter que notre site web peut ne pas fonctionner correctement si tous les cookies sont d\u00e9sactiv\u00e9s. Si vous supprimez les cookies dans votre navigateur, ils seront \u00e0 nouveau plac\u00e9s apr\u00e8s votre consentement lorsque vous visiterez \u00e0 nouveau notre site web.<\/p>\n\n\n\n<h2 class=\"wp-block-heading\"><strong>9. Vos droits en mati\u00e8re de donn\u00e9es \u00e0 caract\u00e8re personnel<\/strong><\/h2>\n\n\n\n<p>Vous disposez des droits suivants en ce qui concerne vos donn\u00e9es \u00e0 caract\u00e8re personnel :<\/p>\n\n\n\n<ul class=\"wp-block-list\">\n<li>Vous avez le droit de savoir pourquoi vos donn\u00e9es \u00e0 caract\u00e8re personnel sont n\u00e9cessaires, ce qu&rsquo;il en adviendra et combien de temps elles seront conserv\u00e9es.<\/li>\n\n\n\n<li>Droit d&rsquo;acc\u00e8s : vous avez le droit d&rsquo;acc\u00e9der \u00e0 vos donn\u00e9es personnelles dont nous disposons.<\/li>\n\n\n\n<li>Droit de rectification : vous avez le droit de compl\u00e9ter, corriger, supprimer ou bloquer vos donn\u00e9es personnelles \u00e0 tout moment.<\/li>\n\n\n\n<li>Si vous nous donnez votre consentement pour traiter vos donn\u00e9es, vous avez le droit de r\u00e9voquer ce consentement et de faire supprimer vos donn\u00e9es personnelles.<\/li>\n\n\n\n<li>Droit de transfert de vos donn\u00e9es : vous avez le droit de demander toutes vos donn\u00e9es personnelles au responsable du traitement et de les transf\u00e9rer dans leur int\u00e9gralit\u00e9 \u00e0 un autre responsable du traitement.<\/li>\n\n\n\n<li>Droit d&rsquo;opposition : vous pouvez vous opposer au traitement de vos donn\u00e9es. Nous nous y conformons, sauf s&rsquo;il existe des motifs l\u00e9gitimes justifiant le traitement.<\/li>\n<\/ul>\n\n\n\n<p>Pour exercer ces droits, veuillez nous contacter. Veuillez vous r\u00e9f\u00e9rer aux coordonn\u00e9es figurant au bas de la pr\u00e9sente politique en mati\u00e8re de cookies. Si vous avez une r\u00e9clamation \u00e0 formuler concernant la mani\u00e8re dont nous traitons vos donn\u00e9es, nous vous invitons \u00e0 nous en faire part, mais vous avez \u00e9galement le droit de d\u00e9poser une r\u00e9clamation aupr\u00e8s de l&rsquo;autorit\u00e9 de contr\u00f4le (l&rsquo;Autorit\u00e9 de protection des donn\u00e9es).<\/p>\n\n\n\n<h2 class=\"wp-block-heading\"><strong>10. Coordonn\u00e9es<\/strong><\/h2>\n\n\n\n<p>Pour toute question et\/ou commentaire concernant notre politique en mati\u00e8re de cookies et la pr\u00e9sente d\u00e9claration, veuillez nous contacter en utilisant les coordonn\u00e9es suivantes :<\/p>\n\n\n\n<p>Sally Kermath<\/p>\n\n\n\n<p>Crossafehin, Virginia Co Cavan<\/p>\n\n\n\n<p>Irlande<\/p>\n\n\n\n<p>Site web : <a href=\"https:\/\/englishlanguagemadeeasy.com\/\"><u>https:\/\/englishlanguagemadeeasy.com<\/u><\/a><\/p>\n\n\n\n<p>E-mail : sally.elme@gmail.com<\/p>\n\n\n\n<p>Num\u00e9ro de t\u00e9l\u00e9phone : 00353 87 2792807<\/p>\n\n\n\n<p>Cette politique en mati\u00e8re de cookies a \u00e9t\u00e9 synchronis\u00e9e avec <a href=\"https:\/\/cookiedatabase.org\/\"><u>cookiedatabase.org<\/u><\/a> le 26 mars 2021.<\/p>\n","protected":false},"excerpt":{"rendered":"<p>La pr\u00e9sente politique en mati\u00e8re de cookies a \u00e9t\u00e9 mise \u00e0 jour le 10 avril 2023 et s&rsquo;applique aux citoyens et r\u00e9sidents permanents l\u00e9gaux de l&rsquo;Espace \u00e9conomique europ\u00e9en et de la Suisse. 1. Introduction Notre site web, https:\/\/englishlanguagemadeeasy.com (ci-apr\u00e8s d\u00e9nomm\u00e9 \u00ab le site web \u00bb), utilise des cookies et d&rsquo;autres technologies connexes (pour plus de [&hellip;]<\/p>\n","protected":false},"author":1,"featured_media":0,"parent":0,"menu_order":0,"comment_status":"closed","ping_status":"closed","template":"","meta":{"ocean_post_layout":"","ocean_both_sidebars_style":"","ocean_both_sidebars_content_width":0,"ocean_both_sidebars_sidebars_width":0,"ocean_sidebar":"","ocean_second_sidebar":"","ocean_disable_margins":"enable","ocean_add_body_class":"","ocean_shortcode_before_top_bar":"","ocean_shortcode_after_top_bar":"","ocean_shortcode_before_header":"","ocean_shortcode_after_header":"","ocean_has_shortcode":"","ocean_shortcode_after_title":"","ocean_shortcode_before_footer_widgets":"","ocean_shortcode_after_footer_widgets":"","ocean_shortcode_before_footer_bottom":"","ocean_shortcode_after_footer_bottom":"","ocean_display_top_bar":"default","ocean_display_header":"default","ocean_header_style":"","ocean_center_header_left_menu":"","ocean_custom_header_template":"","ocean_custom_logo":0,"ocean_custom_retina_logo":0,"ocean_custom_logo_max_width":0,"ocean_custom_logo_tablet_max_width":0,"ocean_custom_logo_mobile_max_width":0,"ocean_custom_logo_max_height":0,"ocean_custom_logo_tablet_max_height":0,"ocean_custom_logo_mobile_max_height":0,"ocean_header_custom_menu":"","ocean_menu_typo_font_family":"","ocean_menu_typo_font_subset":"","ocean_menu_typo_font_size":0,"ocean_menu_typo_font_size_tablet":0,"ocean_menu_typo_font_size_mobile":0,"ocean_menu_typo_font_size_unit":"px","ocean_menu_typo_font_weight":"","ocean_menu_typo_font_weight_tablet":"","ocean_menu_typo_font_weight_mobile":"","ocean_menu_typo_transform":"","ocean_menu_typo_transform_tablet":"","ocean_menu_typo_transform_mobile":"","ocean_menu_typo_line_height":0,"ocean_menu_typo_line_height_tablet":0,"ocean_menu_typo_line_height_mobile":0,"ocean_menu_typo_line_height_unit":"","ocean_menu_typo_spacing":0,"ocean_menu_typo_spacing_tablet":0,"ocean_menu_typo_spacing_mobile":0,"ocean_menu_typo_spacing_unit":"","ocean_menu_link_color":"","ocean_menu_link_color_hover":"","ocean_menu_link_color_active":"","ocean_menu_link_background":"","ocean_menu_link_hover_background":"","ocean_menu_link_active_background":"","ocean_menu_social_links_bg":"","ocean_menu_social_hover_links_bg":"","ocean_menu_social_links_color":"","ocean_menu_social_hover_links_color":"","ocean_disable_title":"default","ocean_disable_heading":"default","ocean_post_title":"","ocean_post_subheading":"","ocean_post_title_style":"","ocean_post_title_background_color":"","ocean_post_title_background":0,"ocean_post_title_bg_image_position":"","ocean_post_title_bg_image_attachment":"","ocean_post_title_bg_image_repeat":"","ocean_post_title_bg_image_size":"","ocean_post_title_height":0,"ocean_post_title_bg_overlay":0.5,"ocean_post_title_bg_overlay_color":"","ocean_disable_breadcrumbs":"default","ocean_breadcrumbs_color":"","ocean_breadcrumbs_separator_color":"","ocean_breadcrumbs_links_color":"","ocean_breadcrumbs_links_hover_color":"","ocean_display_footer_widgets":"default","ocean_display_footer_bottom":"default","ocean_custom_footer_template":"","footnotes":""},"class_list":["post-2859","page","type-page","status-publish","hentry","entry"],"yoast_head":"<!-- This site is optimized with the Yoast SEO plugin v27.0 - https:\/\/yoast.com\/product\/yoast-seo-wordpress\/ -->\n<title>Politique en mati\u00e8re de cookies (UE) - ELME<\/title>\n<meta name=\"robots\" content=\"index, follow, max-snippet:-1, max-image-preview:large, max-video-preview:-1\" \/>\n<link rel=\"canonical\" href=\"https:\/\/englishlanguagemadeeasy.com\/fr\/politique-en-matiere-de-cookies-ue\/\" \/>\n<meta property=\"og:locale\" content=\"fr_FR\" \/>\n<meta property=\"og:type\" content=\"article\" \/>\n<meta property=\"og:title\" content=\"Politique en mati\u00e8re de cookies (UE) - ELME\" \/>\n<meta property=\"og:description\" content=\"La pr\u00e9sente politique en mati\u00e8re de cookies a \u00e9t\u00e9 mise \u00e0 jour le 10 avril 2023 et s&rsquo;applique aux citoyens et r\u00e9sidents permanents l\u00e9gaux de l&rsquo;Espace \u00e9conomique europ\u00e9en et de la Suisse. 1. Introduction Notre site web, https:\/\/englishlanguagemadeeasy.com (ci-apr\u00e8s d\u00e9nomm\u00e9 \u00ab le site web \u00bb), utilise des cookies et d&rsquo;autres technologies connexes (pour plus de [&hellip;]\" \/>\n<meta property=\"og:url\" content=\"https:\/\/englishlanguagemadeeasy.com\/fr\/politique-en-matiere-de-cookies-ue\/\" \/>\n<meta property=\"og:site_name\" content=\"ELME\" \/>\n<meta property=\"article:modified_time\" content=\"2025-07-03T11:52:01+00:00\" \/>\n<meta name=\"twitter:card\" content=\"summary_large_image\" \/>\n<meta name=\"twitter:label1\" content=\"Dur\u00e9e de lecture estim\u00e9e\" \/>\n\t<meta name=\"twitter:data1\" content=\"5 minutes\" \/>\n<!-- \/ Yoast SEO plugin. -->","yoast_head_json":{"title":"Politique en mati\u00e8re de cookies (UE) - ELME","robots":{"index":"index","follow":"follow","max-snippet":"max-snippet:-1","max-image-preview":"max-image-preview:large","max-video-preview":"max-video-preview:-1"},"canonical":"https:\/\/englishlanguagemadeeasy.com\/fr\/politique-en-matiere-de-cookies-ue\/","og_locale":"fr_FR","og_type":"article","og_title":"Politique en mati\u00e8re de cookies (UE) - ELME","og_description":"La pr\u00e9sente politique en mati\u00e8re de cookies a \u00e9t\u00e9 mise \u00e0 jour le 10 avril 2023 et s&rsquo;applique aux citoyens et r\u00e9sidents permanents l\u00e9gaux de l&rsquo;Espace \u00e9conomique europ\u00e9en et de la Suisse. 1. Introduction Notre site web, https:\/\/englishlanguagemadeeasy.com (ci-apr\u00e8s d\u00e9nomm\u00e9 \u00ab le site web \u00bb), utilise des cookies et d&rsquo;autres technologies connexes (pour plus de [&hellip;]","og_url":"https:\/\/englishlanguagemadeeasy.com\/fr\/politique-en-matiere-de-cookies-ue\/","og_site_name":"ELME","article_modified_time":"2025-07-03T11:52:01+00:00","twitter_card":"summary_large_image","twitter_misc":{"Dur\u00e9e de lecture estim\u00e9e":"5 minutes"},"schema":{"@context":"https:\/\/schema.org","@graph":[{"@type":"WebPage","@id":"https:\/\/englishlanguagemadeeasy.com\/fr\/politique-en-matiere-de-cookies-ue\/","url":"https:\/\/englishlanguagemadeeasy.com\/fr\/politique-en-matiere-de-cookies-ue\/","name":"Politique en mati\u00e8re de cookies (UE) - ELME","isPartOf":{"@id":"https:\/\/englishlanguagemadeeasy.com\/fr\/#website"},"datePublished":"2025-07-03T08:59:43+00:00","dateModified":"2025-07-03T11:52:01+00:00","breadcrumb":{"@id":"https:\/\/englishlanguagemadeeasy.com\/fr\/politique-en-matiere-de-cookies-ue\/#breadcrumb"},"inLanguage":"fr-FR","potentialAction":[{"@type":"ReadAction","target":["https:\/\/englishlanguagemadeeasy.com\/fr\/politique-en-matiere-de-cookies-ue\/"]}]},{"@type":"BreadcrumbList","@id":"https:\/\/englishlanguagemadeeasy.com\/fr\/politique-en-matiere-de-cookies-ue\/#breadcrumb","itemListElement":[{"@type":"ListItem","position":1,"name":"Home","item":"https:\/\/englishlanguagemadeeasy.com\/fr\/home\/"},{"@type":"ListItem","position":2,"name":"Politique en mati\u00e8re de cookies (UE)"}]},{"@type":"WebSite","@id":"https:\/\/englishlanguagemadeeasy.com\/fr\/#website","url":"https:\/\/englishlanguagemadeeasy.com\/fr\/","name":"https:\/\/englishlanguagemadeeasy.com\/","description":"English Language Made Easy","publisher":{"@id":"https:\/\/englishlanguagemadeeasy.com\/fr\/#organization"},"potentialAction":[{"@type":"SearchAction","target":{"@type":"EntryPoint","urlTemplate":"https:\/\/englishlanguagemadeeasy.com\/fr\/?s={search_term_string}"},"query-input":{"@type":"PropertyValueSpecification","valueRequired":true,"valueName":"search_term_string"}}],"inLanguage":"fr-FR"},{"@type":"Organization","@id":"https:\/\/englishlanguagemadeeasy.com\/fr\/#organization","name":"English Language Made Easy","url":"https:\/\/englishlanguagemadeeasy.com\/fr\/","logo":{"@type":"ImageObject","inLanguage":"fr-FR","@id":"https:\/\/englishlanguagemadeeasy.com\/fr\/#\/schema\/logo\/image\/","url":"https:\/\/englishlanguagemadeeasy.com\/wp-content\/uploads\/2021\/03\/cropped-LOGO.png","contentUrl":"https:\/\/englishlanguagemadeeasy.com\/wp-content\/uploads\/2021\/03\/cropped-LOGO.png","width":252,"height":178,"caption":"English Language Made Easy"},"image":{"@id":"https:\/\/englishlanguagemadeeasy.com\/fr\/#\/schema\/logo\/image\/"}}]}},"_links":{"self":[{"href":"https:\/\/englishlanguagemadeeasy.com\/fr\/wp-json\/wp\/v2\/pages\/2859","targetHints":{"allow":["GET"]}}],"collection":[{"href":"https:\/\/englishlanguagemadeeasy.com\/fr\/wp-json\/wp\/v2\/pages"}],"about":[{"href":"https:\/\/englishlanguagemadeeasy.com\/fr\/wp-json\/wp\/v2\/types\/page"}],"author":[{"embeddable":true,"href":"https:\/\/englishlanguagemadeeasy.com\/fr\/wp-json\/wp\/v2\/users\/1"}],"replies":[{"embeddable":true,"href":"https:\/\/englishlanguagemadeeasy.com\/fr\/wp-json\/wp\/v2\/comments?post=2859"}],"version-history":[{"count":2,"href":"https:\/\/englishlanguagemadeeasy.com\/fr\/wp-json\/wp\/v2\/pages\/2859\/revisions"}],"predecessor-version":[{"id":2908,"href":"https:\/\/englishlanguagemadeeasy.com\/fr\/wp-json\/wp\/v2\/pages\/2859\/revisions\/2908"}],"wp:attachment":[{"href":"https:\/\/englishlanguagemadeeasy.com\/fr\/wp-json\/wp\/v2\/media?parent=2859"}],"curies":[{"name":"wp","href":"https:\/\/api.w.org\/{rel}","templated":true}]}}