{"id":2847,"date":"2025-07-01T18:45:10","date_gmt":"2025-07-01T18:45:10","guid":{"rendered":"https:\/\/englishlanguagemadeeasy.com\/?page_id=2847"},"modified":"2025-07-03T10:05:58","modified_gmt":"2025-07-03T10:05:58","slug":"sejour-chez-le-professeur","status":"publish","type":"page","link":"https:\/\/englishlanguagemadeeasy.com\/fr\/sejour-chez-le-professeur\/","title":{"rendered":"S\u00e9jour chez le professeur"},"content":{"rendered":"\t\t<div data-elementor-type=\"wp-page\" data-elementor-id=\"2847\" class=\"elementor elementor-2847\">\n\t\t\t\t\t\t<section class=\"elementor-section elementor-top-section elementor-element elementor-element-303db14 elementor-section-boxed elementor-section-height-default elementor-section-height-default\" data-id=\"303db14\" data-element_type=\"section\" data-e-type=\"section\">\n\t\t\t\t\t\t<div class=\"elementor-container elementor-column-gap-default\">\n\t\t\t\t\t<div class=\"elementor-column elementor-col-100 elementor-top-column elementor-element elementor-element-df835df\" data-id=\"df835df\" data-element_type=\"column\" data-e-type=\"column\">\n\t\t\t<div class=\"elementor-widget-wrap elementor-element-populated\">\n\t\t\t\t\t\t<div class=\"elementor-element elementor-element-25d74a5 elementor-widget elementor-widget-spacer\" data-id=\"25d74a5\" data-element_type=\"widget\" data-e-type=\"widget\" data-widget_type=\"spacer.default\">\n\t\t\t\t<div class=\"elementor-widget-container\">\n\t\t\t\t\t\t\t<div class=\"elementor-spacer\">\n\t\t\t<div class=\"elementor-spacer-inner\"><\/div>\n\t\t<\/div>\n\t\t\t\t\t\t<\/div>\n\t\t\t\t<\/div>\n\t\t\t\t\t<\/div>\n\t\t<\/div>\n\t\t\t\t\t<\/div>\n\t\t<\/section>\n\t\t\t\t<section class=\"elementor-section elementor-top-section elementor-element elementor-element-975b553 elementor-section-boxed elementor-section-height-default elementor-section-height-default\" data-id=\"975b553\" data-element_type=\"section\" data-e-type=\"section\">\n\t\t\t\t\t\t<div class=\"elementor-container elementor-column-gap-default\">\n\t\t\t\t\t<div class=\"elementor-column elementor-col-100 elementor-top-column elementor-element elementor-element-ae8df22\" data-id=\"ae8df22\" data-element_type=\"column\" data-e-type=\"column\">\n\t\t\t<div class=\"elementor-widget-wrap elementor-element-populated\">\n\t\t\t\t\t\t<div class=\"elementor-element elementor-element-0ab0dc2 elementor-widget elementor-widget-heading\" data-id=\"0ab0dc2\" data-element_type=\"widget\" data-e-type=\"widget\" data-widget_type=\"heading.default\">\n\t\t\t\t<div class=\"elementor-widget-container\">\n\t\t\t\t\t<h1 class=\"elementor-heading-title elementor-size-large\">S\u00e9jour chez le professeur<\/h1>\t\t\t\t<\/div>\n\t\t\t\t<\/div>\n\t\t\t\t\t<\/div>\n\t\t<\/div>\n\t\t\t\t\t<\/div>\n\t\t<\/section>\n\t\t\t\t<section class=\"elementor-section elementor-top-section elementor-element elementor-element-30d155e elementor-section-boxed elementor-section-height-default elementor-section-height-default\" data-id=\"30d155e\" data-element_type=\"section\" data-e-type=\"section\">\n\t\t\t\t\t\t<div class=\"elementor-container elementor-column-gap-default\">\n\t\t\t\t\t<div class=\"elementor-column elementor-col-100 elementor-top-column elementor-element elementor-element-591c8e5\" data-id=\"591c8e5\" data-element_type=\"column\" data-e-type=\"column\">\n\t\t\t<div class=\"elementor-widget-wrap elementor-element-populated\">\n\t\t\t\t\t\t<div class=\"elementor-element elementor-element-3ba5286 elementor-widget elementor-widget-spacer\" data-id=\"3ba5286\" data-element_type=\"widget\" data-e-type=\"widget\" data-widget_type=\"spacer.default\">\n\t\t\t\t<div class=\"elementor-widget-container\">\n\t\t\t\t\t\t\t<div class=\"elementor-spacer\">\n\t\t\t<div class=\"elementor-spacer-inner\"><\/div>\n\t\t<\/div>\n\t\t\t\t\t\t<\/div>\n\t\t\t\t<\/div>\n\t\t\t\t\t<\/div>\n\t\t<\/div>\n\t\t\t\t\t<\/div>\n\t\t<\/section>\n\t\t\t\t<section class=\"elementor-section elementor-top-section elementor-element elementor-element-ccbf0b6 elementor-section-boxed elementor-section-height-default elementor-section-height-default\" data-id=\"ccbf0b6\" data-element_type=\"section\" data-e-type=\"section\">\n\t\t\t\t\t\t<div class=\"elementor-container elementor-column-gap-default\">\n\t\t\t\t\t<div class=\"elementor-column elementor-col-100 elementor-top-column elementor-element elementor-element-5b77e76\" data-id=\"5b77e76\" data-element_type=\"column\" data-e-type=\"column\">\n\t\t\t<div class=\"elementor-widget-wrap elementor-element-populated\">\n\t\t\t\t\t\t<div class=\"elementor-element elementor-element-709e41e elementor-widget elementor-widget-image\" data-id=\"709e41e\" data-element_type=\"widget\" data-e-type=\"widget\" data-widget_type=\"image.default\">\n\t\t\t\t<div class=\"elementor-widget-container\">\n\t\t\t\t\t\t\t\t\t\t\t\t\t\t\t<img fetchpriority=\"high\" decoding=\"async\" width=\"768\" height=\"432\" src=\"https:\/\/englishlanguagemadeeasy.com\/wp-content\/uploads\/2023\/08\/Classroom-768x432.jpeg\" class=\"attachment-medium_large size-medium_large wp-image-2246\" alt=\"\" srcset=\"https:\/\/englishlanguagemadeeasy.com\/wp-content\/uploads\/2023\/08\/Classroom-768x432.jpeg 768w, https:\/\/englishlanguagemadeeasy.com\/wp-content\/uploads\/2023\/08\/Classroom-300x169.jpeg 300w, https:\/\/englishlanguagemadeeasy.com\/wp-content\/uploads\/2023\/08\/Classroom.jpeg 800w\" sizes=\"(max-width: 768px) 100vw, 768px\" \/>\t\t\t\t\t\t\t\t\t\t\t\t\t\t\t<\/div>\n\t\t\t\t<\/div>\n\t\t\t\t\t<\/div>\n\t\t<\/div>\n\t\t\t\t\t<\/div>\n\t\t<\/section>\n\t\t\t\t<section class=\"elementor-section elementor-top-section elementor-element elementor-element-ec26ba3 elementor-section-boxed elementor-section-height-default elementor-section-height-default\" data-id=\"ec26ba3\" data-element_type=\"section\" data-e-type=\"section\">\n\t\t\t\t\t\t<div class=\"elementor-container elementor-column-gap-default\">\n\t\t\t\t\t<div class=\"elementor-column elementor-col-100 elementor-top-column elementor-element elementor-element-32634ef\" data-id=\"32634ef\" data-element_type=\"column\" data-e-type=\"column\">\n\t\t\t<div class=\"elementor-widget-wrap elementor-element-populated\">\n\t\t\t\t\t\t<div class=\"elementor-element elementor-element-e720486 elementor-widget elementor-widget-heading\" data-id=\"e720486\" data-element_type=\"widget\" data-e-type=\"widget\" data-widget_type=\"heading.default\">\n\t\t\t\t<div class=\"elementor-widget-container\">\n\t\t\t\t\t<h2 class=\"elementor-heading-title elementor-size-default\">Ann\u00e9e scolaire<\/h2>\t\t\t\t<\/div>\n\t\t\t\t<\/div>\n\t\t\t\t<div class=\"elementor-element elementor-element-c2b255f elementor-widget elementor-widget-text-editor\" data-id=\"c2b255f\" data-element_type=\"widget\" data-e-type=\"widget\" data-widget_type=\"text-editor.default\">\n\t\t\t\t<div class=\"elementor-widget-container\">\n\t\t\t\t\t\t\t\t\t<p>Venez passer une ann\u00e9e scolaire dans la magnifique campagne irlandaise et profiter de l&rsquo;hospitalit\u00e9 et de la chaleur des habitants. De nouveaux amis et des souvenirs inoubliables vous attendent. D\u00e9couvrez et profitez de la vie quotidienne dans un lyc\u00e9e irlandais typique. Notre programme est ax\u00e9 sur la famille et nous pensons que chaque \u00e9l\u00e8ve doit \u00eatre immerg\u00e9 dans sa famille d&rsquo;accueil et sa vie scolaire avec le plus grand soin et la plus grande attention. Le nombre de places pour les \u00e9tudiants internationaux est limit\u00e9 afin de garantir une exp\u00e9rience authentique de la culture et de la vie irlandaises. ELME garantit un soutien et une assistance continus pendant toute la dur\u00e9e du s\u00e9jour des \u00e9tudiants.<\/p>\t\t\t\t\t\t\t\t<\/div>\n\t\t\t\t<\/div>\n\t\t\t\t<div class=\"elementor-element elementor-element-e6bc5c6 elementor-widget elementor-widget-heading\" data-id=\"e6bc5c6\" data-element_type=\"widget\" data-e-type=\"widget\" data-widget_type=\"heading.default\">\n\t\t\t\t<div class=\"elementor-widget-container\">\n\t\t\t\t\t<h2 class=\"elementor-heading-title elementor-size-default\">Emplacement<\/h2>\t\t\t\t<\/div>\n\t\t\t\t<\/div>\n\t\t\t\t<div class=\"elementor-element elementor-element-1342571 elementor-widget elementor-widget-text-editor\" data-id=\"1342571\" data-element_type=\"widget\" data-e-type=\"widget\" data-widget_type=\"text-editor.default\">\n\t\t\t\t<div class=\"elementor-widget-container\">\n\t\t\t\t\t\t\t\t\t<p>Les \u00e9tudiants seront plac\u00e9s dans les environs imm\u00e9diats de Virginia, dans le comt\u00e9 de Cavan. Nous avons \u00e9tabli un r\u00e9seau d&rsquo;\u00e9coles locales avec lesquelles nous entretenons d&rsquo;excellentes relations directes. Cette r\u00e9gion est l&rsquo;un des nombreux charmes de l&rsquo;Irlande, nich\u00e9e dans les magnifiques lacs et collines verdoyantes du comt\u00e9 de Cavan.<\/p>\t\t\t\t\t\t\t\t<\/div>\n\t\t\t\t<\/div>\n\t\t\t\t<div class=\"elementor-element elementor-element-ae5c5bf elementor-widget elementor-widget-image\" data-id=\"ae5c5bf\" data-element_type=\"widget\" data-e-type=\"widget\" data-widget_type=\"image.default\">\n\t\t\t\t<div class=\"elementor-widget-container\">\n\t\t\t\t\t\t\t\t\t\t\t\t\t\t\t<img decoding=\"async\" width=\"768\" height=\"442\" src=\"https:\/\/englishlanguagemadeeasy.com\/wp-content\/uploads\/2023\/08\/Soccer-game-768x442.jpeg\" class=\"attachment-medium_large size-medium_large wp-image-2250\" alt=\"\" srcset=\"https:\/\/englishlanguagemadeeasy.com\/wp-content\/uploads\/2023\/08\/Soccer-game-768x442.jpeg 768w, https:\/\/englishlanguagemadeeasy.com\/wp-content\/uploads\/2023\/08\/Soccer-game-300x173.jpeg 300w, https:\/\/englishlanguagemadeeasy.com\/wp-content\/uploads\/2023\/08\/Soccer-game.jpeg 800w\" sizes=\"(max-width: 768px) 100vw, 768px\" \/>\t\t\t\t\t\t\t\t\t\t\t\t\t\t\t<\/div>\n\t\t\t\t<\/div>\n\t\t\t\t<div class=\"elementor-element elementor-element-74491a3 elementor-widget elementor-widget-heading\" data-id=\"74491a3\" data-element_type=\"widget\" data-e-type=\"widget\" data-widget_type=\"heading.default\">\n\t\t\t\t<div class=\"elementor-widget-container\">\n\t\t\t\t\t<h2 class=\"elementor-heading-title elementor-size-default\">Familles d'accueil<\/h2>\t\t\t\t<\/div>\n\t\t\t\t<\/div>\n\t\t\t\t<div class=\"elementor-element elementor-element-5580ecb elementor-widget elementor-widget-text-editor\" data-id=\"5580ecb\" data-element_type=\"widget\" data-e-type=\"widget\" data-widget_type=\"text-editor.default\">\n\t\t\t\t<div class=\"elementor-widget-container\">\n\t\t\t\t\t\t\t\t\t<p>Une attention particuli\u00e8re est accord\u00e9e \u00e0 la s\u00e9lection de toutes nos familles d&rsquo;accueil. Toutes les familles d&rsquo;accueil sont contr\u00f4l\u00e9es par les services de s\u00e9curit\u00e9\/police et sont connues personnellement par notre organisation. Nous accordons une grande importance au fait que les \u00e9tudiants se sentent bienvenus et pris en charge. Nos familles s&rsquo;engagent \u00e0 cr\u00e9er un \u00ab chez-soi \u00bb pour l&rsquo;\u00e9tudiant. Les familles sont encourag\u00e9es \u00e0 int\u00e9grer l&rsquo;\u00e9tudiant dans leur vie quotidienne \u00e0 travers des activit\u00e9s de plein air, des jeux de soci\u00e9t\u00e9, de la p\u00e2tisserie, de la cuisine, des \u00e9v\u00e9nements familiaux, des voyages, des sorties ou tout ce qu&rsquo;elles ont l&rsquo;habitude de faire en famille.<br \/>Nous ne pla\u00e7ons pas deux \u00e9tudiants de la m\u00eame nationalit\u00e9 dans la m\u00eame famille d&rsquo;accueil et nous ne pla\u00e7ons pas d&rsquo;\u00e9tudiants dans une famille d&rsquo;accueil qui h\u00e9berge d\u00e9j\u00e0 un \u00e9tudiant d&rsquo;une autre agence.<\/p>\t\t\t\t\t\t\t\t<\/div>\n\t\t\t\t<\/div>\n\t\t\t\t<div class=\"elementor-element elementor-element-e27456d elementor-widget elementor-widget-heading\" data-id=\"e27456d\" data-element_type=\"widget\" data-e-type=\"widget\" data-widget_type=\"heading.default\">\n\t\t\t\t<div class=\"elementor-widget-container\">\n\t\t\t\t\t<h2 class=\"elementor-heading-title elementor-size-default\">Vie scolaire<\/h2>\t\t\t\t<\/div>\n\t\t\t\t<\/div>\n\t\t\t\t<div class=\"elementor-element elementor-element-06c2f0a elementor-widget elementor-widget-text-editor\" data-id=\"06c2f0a\" data-element_type=\"widget\" data-e-type=\"widget\" data-widget_type=\"text-editor.default\">\n\t\t\t\t<div class=\"elementor-widget-container\">\n\t\t\t\t\t\t\t\t\t<p>Les \u00e9l\u00e8ves vont \u00e0 l&rsquo;\u00e9cole du lundi au vendredi, de 9 h \u00e0 16 h environ. Ils ont deux pauses : la premi\u00e8re dure environ 20 minutes vers 11 h, et la seconde environ 40 minutes vers 13 h. Les cours durent g\u00e9n\u00e9ralement 60 minutes, avec 6 mati\u00e8res par jour. Le programme scolaire irlandais suit et respecte le cadre g\u00e9n\u00e9ral de l&rsquo;UE pour l&rsquo;enseignement secondaire.<\/p>\t\t\t\t\t\t\t\t<\/div>\n\t\t\t\t<\/div>\n\t\t\t\t<div class=\"elementor-element elementor-element-0b56285 elementor-widget elementor-widget-heading\" data-id=\"0b56285\" data-element_type=\"widget\" data-e-type=\"widget\" data-widget_type=\"heading.default\">\n\t\t\t\t<div class=\"elementor-widget-container\">\n\t\t\t\t\t<h2 class=\"elementor-heading-title elementor-size-default\">Notre promesse<\/h2>\t\t\t\t<\/div>\n\t\t\t\t<\/div>\n\t\t\t\t<div class=\"elementor-element elementor-element-79c1f43 elementor-widget elementor-widget-text-editor\" data-id=\"79c1f43\" data-element_type=\"widget\" data-e-type=\"widget\" data-widget_type=\"text-editor.default\">\n\t\t\t\t<div class=\"elementor-widget-container\">\n\t\t\t\t\t\t\t\t\t<p>Nous nous engageons \u00e0 offrir \u00e0 chaque \u00e9tudiant l&rsquo;attention et le soutien dont il a besoin pour profiter pleinement de son s\u00e9jour en Irlande et vivre une exp\u00e9rience enrichissante et inoubliable. Nous garantissons une transparence totale et une communication ouverte entre toutes les parties.<\/p>\t\t\t\t\t\t\t\t<\/div>\n\t\t\t\t<\/div>\n\t\t\t\t\t<\/div>\n\t\t<\/div>\n\t\t\t\t\t<\/div>\n\t\t<\/section>\n\t\t\t\t<section class=\"elementor-section elementor-top-section elementor-element elementor-element-833d88d elementor-section-boxed elementor-section-height-default elementor-section-height-default\" data-id=\"833d88d\" data-element_type=\"section\" data-e-type=\"section\">\n\t\t\t\t\t\t<div class=\"elementor-container elementor-column-gap-default\">\n\t\t\t\t\t<div class=\"elementor-column elementor-col-100 elementor-top-column elementor-element elementor-element-f48d02f\" data-id=\"f48d02f\" data-element_type=\"column\" data-e-type=\"column\">\n\t\t\t<div class=\"elementor-widget-wrap elementor-element-populated\">\n\t\t\t\t\t\t<div class=\"elementor-element elementor-element-6477693 elementor-widget elementor-widget-heading\" data-id=\"6477693\" data-element_type=\"widget\" data-e-type=\"widget\" data-widget_type=\"heading.default\">\n\t\t\t\t<div class=\"elementor-widget-container\">\n\t\t\t\t\t<h2 class=\"elementor-heading-title elementor-size-default\">Formulaire de candidature<\/h2>\t\t\t\t<\/div>\n\t\t\t\t<\/div>\n\t\t\t\t<div class=\"elementor-element elementor-element-fa02db8 elementor-widget elementor-widget-text-editor\" data-id=\"fa02db8\" data-element_type=\"widget\" data-e-type=\"widget\" data-widget_type=\"text-editor.default\">\n\t\t\t\t<div class=\"elementor-widget-container\">\n\t\t\t\t\t\t\t\t\t<p><a href=\"https:\/\/docs.google.com\/forms\/d\/e\/1FAIpQLSfx41g9yflDscdf7rxKIZiFbacShPirqmesEm3UqmySPOe7kw\/viewform?usp=sf_link\">Postulez ici<\/a><\/p>\t\t\t\t\t\t\t\t<\/div>\n\t\t\t\t<\/div>\n\t\t\t\t\t<\/div>\n\t\t<\/div>\n\t\t\t\t\t<\/div>\n\t\t<\/section>\n\t\t\t\t<\/div>\n\t\t","protected":false},"excerpt":{"rendered":"<p>S\u00e9jour chez le professeur Ann\u00e9e scolaire Venez passer une ann\u00e9e scolaire dans la magnifique campagne irlandaise et profiter de l&rsquo;hospitalit\u00e9 et de la chaleur des habitants. De nouveaux amis et des souvenirs inoubliables vous attendent. D\u00e9couvrez et profitez de la vie quotidienne dans un lyc\u00e9e irlandais typique. Notre programme est ax\u00e9 sur la famille et [&hellip;]<\/p>\n","protected":false},"author":1,"featured_media":0,"parent":0,"menu_order":0,"comment_status":"closed","ping_status":"closed","template":"","meta":{"ocean_post_layout":"full-screen","ocean_both_sidebars_style":"","ocean_both_sidebars_content_width":0,"ocean_both_sidebars_sidebars_width":0,"ocean_sidebar":"0","ocean_second_sidebar":"0","ocean_disable_margins":"enable","ocean_add_body_class":"","ocean_shortcode_before_top_bar":"","ocean_shortcode_after_top_bar":"","ocean_shortcode_before_header":"","ocean_shortcode_after_header":"","ocean_has_shortcode":"","ocean_shortcode_after_title":"","ocean_shortcode_before_footer_widgets":"","ocean_shortcode_after_footer_widgets":"","ocean_shortcode_before_footer_bottom":"","ocean_shortcode_after_footer_bottom":"","ocean_display_top_bar":"default","ocean_display_header":"default","ocean_header_style":"","ocean_center_header_left_menu":"0","ocean_custom_header_template":"0","ocean_custom_logo":0,"ocean_custom_retina_logo":0,"ocean_custom_logo_max_width":0,"ocean_custom_logo_tablet_max_width":0,"ocean_custom_logo_mobile_max_width":0,"ocean_custom_logo_max_height":0,"ocean_custom_logo_tablet_max_height":0,"ocean_custom_logo_mobile_max_height":0,"ocean_header_custom_menu":"0","ocean_menu_typo_font_family":"0","ocean_menu_typo_font_subset":"","ocean_menu_typo_font_size":0,"ocean_menu_typo_font_size_tablet":0,"ocean_menu_typo_font_size_mobile":0,"ocean_menu_typo_font_size_unit":"px","ocean_menu_typo_font_weight":"","ocean_menu_typo_font_weight_tablet":"","ocean_menu_typo_font_weight_mobile":"","ocean_menu_typo_transform":"","ocean_menu_typo_transform_tablet":"","ocean_menu_typo_transform_mobile":"","ocean_menu_typo_line_height":0,"ocean_menu_typo_line_height_tablet":0,"ocean_menu_typo_line_height_mobile":0,"ocean_menu_typo_line_height_unit":"","ocean_menu_typo_spacing":0,"ocean_menu_typo_spacing_tablet":0,"ocean_menu_typo_spacing_mobile":0,"ocean_menu_typo_spacing_unit":"","ocean_menu_link_color":"","ocean_menu_link_color_hover":"","ocean_menu_link_color_active":"","ocean_menu_link_background":"","ocean_menu_link_hover_background":"","ocean_menu_link_active_background":"","ocean_menu_social_links_bg":"","ocean_menu_social_hover_links_bg":"","ocean_menu_social_links_color":"","ocean_menu_social_hover_links_color":"","ocean_disable_title":"on","ocean_disable_heading":"default","ocean_post_title":"","ocean_post_subheading":"","ocean_post_title_style":"","ocean_post_title_background_color":"","ocean_post_title_background":0,"ocean_post_title_bg_image_position":"","ocean_post_title_bg_image_attachment":"","ocean_post_title_bg_image_repeat":"","ocean_post_title_bg_image_size":"","ocean_post_title_height":0,"ocean_post_title_bg_overlay":0.5,"ocean_post_title_bg_overlay_color":"","ocean_disable_breadcrumbs":"default","ocean_breadcrumbs_color":"","ocean_breadcrumbs_separator_color":"","ocean_breadcrumbs_links_color":"","ocean_breadcrumbs_links_hover_color":"","ocean_display_footer_widgets":"default","ocean_display_footer_bottom":"default","ocean_custom_footer_template":"0","footnotes":""},"class_list":["post-2847","page","type-page","status-publish","hentry","entry"],"yoast_head":"<!-- This site is optimized with the Yoast SEO plugin v27.0 - https:\/\/yoast.com\/product\/yoast-seo-wordpress\/ -->\n<title>S\u00e9jour chez le professeur - ELME<\/title>\n<meta name=\"robots\" content=\"index, follow, max-snippet:-1, max-image-preview:large, max-video-preview:-1\" \/>\n<link rel=\"canonical\" href=\"https:\/\/englishlanguagemadeeasy.com\/fr\/sejour-chez-le-professeur\/\" \/>\n<meta property=\"og:locale\" content=\"fr_FR\" \/>\n<meta property=\"og:type\" content=\"article\" \/>\n<meta property=\"og:title\" content=\"S\u00e9jour chez le professeur - ELME\" \/>\n<meta property=\"og:description\" content=\"S\u00e9jour chez le professeur Ann\u00e9e scolaire Venez passer une ann\u00e9e scolaire dans la magnifique campagne irlandaise et profiter de l&rsquo;hospitalit\u00e9 et de la chaleur des habitants. De nouveaux amis et des souvenirs inoubliables vous attendent. D\u00e9couvrez et profitez de la vie quotidienne dans un lyc\u00e9e irlandais typique. Notre programme est ax\u00e9 sur la famille et [&hellip;]\" \/>\n<meta property=\"og:url\" content=\"https:\/\/englishlanguagemadeeasy.com\/fr\/sejour-chez-le-professeur\/\" \/>\n<meta property=\"og:site_name\" content=\"ELME\" \/>\n<meta property=\"article:modified_time\" content=\"2025-07-03T10:05:58+00:00\" \/>\n<meta property=\"og:image\" content=\"https:\/\/englishlanguagemadeeasy.com\/wp-content\/uploads\/2023\/08\/Classroom.jpeg\" \/>\n\t<meta property=\"og:image:width\" content=\"800\" \/>\n\t<meta property=\"og:image:height\" content=\"450\" \/>\n\t<meta property=\"og:image:type\" content=\"image\/jpeg\" \/>\n<meta name=\"twitter:card\" content=\"summary_large_image\" \/>\n<meta name=\"twitter:label1\" content=\"Dur\u00e9e de lecture estim\u00e9e\" \/>\n\t<meta name=\"twitter:data1\" content=\"2 minutes\" \/>\n<!-- \/ Yoast SEO plugin. -->","yoast_head_json":{"title":"S\u00e9jour chez le professeur - ELME","robots":{"index":"index","follow":"follow","max-snippet":"max-snippet:-1","max-image-preview":"max-image-preview:large","max-video-preview":"max-video-preview:-1"},"canonical":"https:\/\/englishlanguagemadeeasy.com\/fr\/sejour-chez-le-professeur\/","og_locale":"fr_FR","og_type":"article","og_title":"S\u00e9jour chez le professeur - ELME","og_description":"S\u00e9jour chez le professeur Ann\u00e9e scolaire Venez passer une ann\u00e9e scolaire dans la magnifique campagne irlandaise et profiter de l&rsquo;hospitalit\u00e9 et de la chaleur des habitants. De nouveaux amis et des souvenirs inoubliables vous attendent. D\u00e9couvrez et profitez de la vie quotidienne dans un lyc\u00e9e irlandais typique. Notre programme est ax\u00e9 sur la famille et [&hellip;]","og_url":"https:\/\/englishlanguagemadeeasy.com\/fr\/sejour-chez-le-professeur\/","og_site_name":"ELME","article_modified_time":"2025-07-03T10:05:58+00:00","og_image":[{"width":800,"height":450,"url":"https:\/\/englishlanguagemadeeasy.com\/wp-content\/uploads\/2023\/08\/Classroom.jpeg","type":"image\/jpeg"}],"twitter_card":"summary_large_image","twitter_misc":{"Dur\u00e9e de lecture estim\u00e9e":"2 minutes"},"schema":{"@context":"https:\/\/schema.org","@graph":[{"@type":"WebPage","@id":"https:\/\/englishlanguagemadeeasy.com\/fr\/sejour-chez-le-professeur\/","url":"https:\/\/englishlanguagemadeeasy.com\/fr\/sejour-chez-le-professeur\/","name":"S\u00e9jour chez le professeur - ELME","isPartOf":{"@id":"https:\/\/englishlanguagemadeeasy.com\/fr\/#website"},"primaryImageOfPage":{"@id":"https:\/\/englishlanguagemadeeasy.com\/fr\/sejour-chez-le-professeur\/#primaryimage"},"image":{"@id":"https:\/\/englishlanguagemadeeasy.com\/fr\/sejour-chez-le-professeur\/#primaryimage"},"thumbnailUrl":"https:\/\/englishlanguagemadeeasy.com\/wp-content\/uploads\/2023\/08\/Classroom-768x432.jpeg","datePublished":"2025-07-01T18:45:10+00:00","dateModified":"2025-07-03T10:05:58+00:00","breadcrumb":{"@id":"https:\/\/englishlanguagemadeeasy.com\/fr\/sejour-chez-le-professeur\/#breadcrumb"},"inLanguage":"fr-FR","potentialAction":[{"@type":"ReadAction","target":["https:\/\/englishlanguagemadeeasy.com\/fr\/sejour-chez-le-professeur\/"]}]},{"@type":"ImageObject","inLanguage":"fr-FR","@id":"https:\/\/englishlanguagemadeeasy.com\/fr\/sejour-chez-le-professeur\/#primaryimage","url":"https:\/\/englishlanguagemadeeasy.com\/wp-content\/uploads\/2023\/08\/Classroom-768x432.jpeg","contentUrl":"https:\/\/englishlanguagemadeeasy.com\/wp-content\/uploads\/2023\/08\/Classroom-768x432.jpeg"},{"@type":"BreadcrumbList","@id":"https:\/\/englishlanguagemadeeasy.com\/fr\/sejour-chez-le-professeur\/#breadcrumb","itemListElement":[{"@type":"ListItem","position":1,"name":"Home","item":"https:\/\/englishlanguagemadeeasy.com\/fr\/home\/"},{"@type":"ListItem","position":2,"name":"S\u00e9jour chez le professeur"}]},{"@type":"WebSite","@id":"https:\/\/englishlanguagemadeeasy.com\/fr\/#website","url":"https:\/\/englishlanguagemadeeasy.com\/fr\/","name":"https:\/\/englishlanguagemadeeasy.com\/","description":"English Language Made Easy","publisher":{"@id":"https:\/\/englishlanguagemadeeasy.com\/fr\/#organization"},"potentialAction":[{"@type":"SearchAction","target":{"@type":"EntryPoint","urlTemplate":"https:\/\/englishlanguagemadeeasy.com\/fr\/?s={search_term_string}"},"query-input":{"@type":"PropertyValueSpecification","valueRequired":true,"valueName":"search_term_string"}}],"inLanguage":"fr-FR"},{"@type":"Organization","@id":"https:\/\/englishlanguagemadeeasy.com\/fr\/#organization","name":"English Language Made Easy","url":"https:\/\/englishlanguagemadeeasy.com\/fr\/","logo":{"@type":"ImageObject","inLanguage":"fr-FR","@id":"https:\/\/englishlanguagemadeeasy.com\/fr\/#\/schema\/logo\/image\/","url":"https:\/\/englishlanguagemadeeasy.com\/wp-content\/uploads\/2021\/03\/cropped-LOGO.png","contentUrl":"https:\/\/englishlanguagemadeeasy.com\/wp-content\/uploads\/2021\/03\/cropped-LOGO.png","width":252,"height":178,"caption":"English Language Made Easy"},"image":{"@id":"https:\/\/englishlanguagemadeeasy.com\/fr\/#\/schema\/logo\/image\/"}}]}},"_links":{"self":[{"href":"https:\/\/englishlanguagemadeeasy.com\/fr\/wp-json\/wp\/v2\/pages\/2847","targetHints":{"allow":["GET"]}}],"collection":[{"href":"https:\/\/englishlanguagemadeeasy.com\/fr\/wp-json\/wp\/v2\/pages"}],"about":[{"href":"https:\/\/englishlanguagemadeeasy.com\/fr\/wp-json\/wp\/v2\/types\/page"}],"author":[{"embeddable":true,"href":"https:\/\/englishlanguagemadeeasy.com\/fr\/wp-json\/wp\/v2\/users\/1"}],"replies":[{"embeddable":true,"href":"https:\/\/englishlanguagemadeeasy.com\/fr\/wp-json\/wp\/v2\/comments?post=2847"}],"version-history":[{"count":5,"href":"https:\/\/englishlanguagemadeeasy.com\/fr\/wp-json\/wp\/v2\/pages\/2847\/revisions"}],"predecessor-version":[{"id":2888,"href":"https:\/\/englishlanguagemadeeasy.com\/fr\/wp-json\/wp\/v2\/pages\/2847\/revisions\/2888"}],"wp:attachment":[{"href":"https:\/\/englishlanguagemadeeasy.com\/fr\/wp-json\/wp\/v2\/media?parent=2847"}],"curies":[{"name":"wp","href":"https:\/\/api.w.org\/{rel}","templated":true}]}}