{"id":2841,"date":"2025-07-01T18:41:24","date_gmt":"2025-07-01T18:41:24","guid":{"rendered":"https:\/\/englishlanguagemadeeasy.com\/?page_id=2841"},"modified":"2025-07-03T09:58:31","modified_gmt":"2025-07-03T09:58:31","slug":"programmes","status":"publish","type":"page","link":"https:\/\/englishlanguagemadeeasy.com\/fr\/programmes\/","title":{"rendered":"Programmes"},"content":{"rendered":"\t\t<div data-elementor-type=\"wp-page\" data-elementor-id=\"2841\" class=\"elementor elementor-2841\">\n\t\t\t\t\t\t<section class=\"elementor-section elementor-top-section elementor-element elementor-element-wyxizls elementor-section-content-middle elementor-section-boxed elementor-section-height-default elementor-section-height-default\" data-id=\"wyxizls\" data-element_type=\"section\" data-e-type=\"section\">\n\t\t\t\t\t\t<div class=\"elementor-container elementor-column-gap-default\">\n\t\t\t\t\t<div class=\"elementor-column elementor-col-100 elementor-top-column elementor-element elementor-element-ibtffgp\" data-id=\"ibtffgp\" data-element_type=\"column\" data-e-type=\"column\">\n\t\t\t<div class=\"elementor-widget-wrap elementor-element-populated\">\n\t\t\t\t\t\t<div class=\"elementor-element elementor-element-xdpmieu elementor-widget elementor-widget-heading\" data-id=\"xdpmieu\" data-element_type=\"widget\" data-e-type=\"widget\" data-widget_type=\"heading.default\">\n\t\t\t\t<div class=\"elementor-widget-container\">\n\t\t\t\t\t<h2 class=\"elementor-heading-title elementor-size-default\">S\u00e9jour chez le professeur<\/h2>\t\t\t\t<\/div>\n\t\t\t\t<\/div>\n\t\t\t\t<div class=\"elementor-element elementor-element-fgedytl elementor-widget elementor-widget-image\" data-id=\"fgedytl\" data-element_type=\"widget\" data-e-type=\"widget\" data-widget_type=\"image.default\">\n\t\t\t\t<div class=\"elementor-widget-container\">\n\t\t\t\t\t\t\t\t\t\t\t\t\t\t\t<img fetchpriority=\"high\" decoding=\"async\" width=\"800\" height=\"533\" src=\"https:\/\/englishlanguagemadeeasy.com\/wp-content\/uploads\/2023\/08\/Pencil.jpeg\" class=\"attachment-full size-full wp-image-2249\" alt=\"\" srcset=\"https:\/\/englishlanguagemadeeasy.com\/wp-content\/uploads\/2023\/08\/Pencil.jpeg 800w, https:\/\/englishlanguagemadeeasy.com\/wp-content\/uploads\/2023\/08\/Pencil-300x200.jpeg 300w, https:\/\/englishlanguagemadeeasy.com\/wp-content\/uploads\/2023\/08\/Pencil-768x512.jpeg 768w\" sizes=\"(max-width: 800px) 100vw, 800px\" \/>\t\t\t\t\t\t\t\t\t\t\t\t\t\t\t<\/div>\n\t\t\t\t<\/div>\n\t\t\t\t<div class=\"elementor-element elementor-element-nhkduna elementor-widget elementor-widget-text-editor\" data-id=\"nhkduna\" data-element_type=\"widget\" data-e-type=\"widget\" data-widget_type=\"text-editor.default\">\n\t\t\t\t<div class=\"elementor-widget-container\">\n\t\t\t\t\t\t\t\t\t<p>Notre programme repose sur le fait que les \u00e9tudiants vivent une exp\u00e9rience irlandaise authentique et s\u00e9journent dans une famille d&rsquo;accueil qui les accueille et les traite comme un membre de leur propre famille. L&rsquo;\u00e9tudiant sera compl\u00e8tement immerg\u00e9 dans la langue anglaise et la culture irlandaise. Nous garantissons qu&rsquo;il n&rsquo;y aura pas d&rsquo;autre \u00e9tudiant\/personne de la m\u00eame nationalit\u00e9 que l&rsquo;\u00e9tudiant dans la famille d&rsquo;accueil.<\/p>\t\t\t\t\t\t\t\t<\/div>\n\t\t\t\t<\/div>\n\t\t\t\t<div class=\"elementor-element elementor-element-091d8c4 elementor-align-center elementor-widget elementor-widget-button\" data-id=\"091d8c4\" data-element_type=\"widget\" data-e-type=\"widget\" data-widget_type=\"button.default\">\n\t\t\t\t<div class=\"elementor-widget-container\">\n\t\t\t\t\t\t\t\t\t<div class=\"elementor-button-wrapper\">\n\t\t\t\t\t<a class=\"elementor-button elementor-button-link elementor-size-sm\" href=\"https:\/\/englishlanguagemadeeasy.com\/academic-homestay\/\" target=\"_blank\">\n\t\t\t\t\t\t<span class=\"elementor-button-content-wrapper\">\n\t\t\t\t\t\t\t\t\t<span class=\"elementor-button-text\">En savoir plus<\/span>\n\t\t\t\t\t<\/span>\n\t\t\t\t\t<\/a>\n\t\t\t\t<\/div>\n\t\t\t\t\t\t\t\t<\/div>\n\t\t\t\t<\/div>\n\t\t\t\t\t<\/div>\n\t\t<\/div>\n\t\t\t\t\t<\/div>\n\t\t<\/section>\n\t\t\t\t<section class=\"elementor-section elementor-top-section elementor-element elementor-element-qfwcgay elementor-section-boxed elementor-section-height-default elementor-section-height-default\" data-id=\"qfwcgay\" data-element_type=\"section\" data-e-type=\"section\">\n\t\t\t\t\t\t<div class=\"elementor-container elementor-column-gap-default\">\n\t\t\t\t\t<div class=\"elementor-column elementor-col-100 elementor-top-column elementor-element elementor-element-oyyyslh\" data-id=\"oyyyslh\" data-element_type=\"column\" data-e-type=\"column\">\n\t\t\t<div class=\"elementor-widget-wrap elementor-element-populated\">\n\t\t\t\t\t\t<div class=\"elementor-element elementor-element-dipupel elementor-widget-divider--view-line elementor-widget elementor-widget-divider\" data-id=\"dipupel\" data-element_type=\"widget\" data-e-type=\"widget\" data-widget_type=\"divider.default\">\n\t\t\t\t<div class=\"elementor-widget-container\">\n\t\t\t\t\t\t\t<div class=\"elementor-divider\">\n\t\t\t<span class=\"elementor-divider-separator\">\n\t\t\t\t\t\t<\/span>\n\t\t<\/div>\n\t\t\t\t\t\t<\/div>\n\t\t\t\t<\/div>\n\t\t\t\t\t<\/div>\n\t\t<\/div>\n\t\t\t\t\t<\/div>\n\t\t<\/section>\n\t\t\t\t<section class=\"elementor-section elementor-top-section elementor-element elementor-element-odekghf elementor-section-content-middle elementor-section-boxed elementor-section-height-default elementor-section-height-default\" data-id=\"odekghf\" data-element_type=\"section\" data-e-type=\"section\">\n\t\t\t\t\t\t<div class=\"elementor-container elementor-column-gap-default\">\n\t\t\t\t\t<div class=\"elementor-column elementor-col-100 elementor-top-column elementor-element elementor-element-nqzkdoo\" data-id=\"nqzkdoo\" data-element_type=\"column\" data-e-type=\"column\">\n\t\t\t<div class=\"elementor-widget-wrap elementor-element-populated\">\n\t\t\t\t\t\t<div class=\"elementor-element elementor-element-jsueefg elementor-widget elementor-widget-heading\" data-id=\"jsueefg\" data-element_type=\"widget\" data-e-type=\"widget\" data-widget_type=\"heading.default\">\n\t\t\t\t<div class=\"elementor-widget-container\">\n\t\t\t\t\t<h2 class=\"elementor-heading-title elementor-size-default\">Exp\u00e9rience professionnelle et s\u00e9jour chez l'habitant<\/h2>\t\t\t\t<\/div>\n\t\t\t\t<\/div>\n\t\t\t\t<div class=\"elementor-element elementor-element-qplwrtj elementor-widget elementor-widget-image\" data-id=\"qplwrtj\" data-element_type=\"widget\" data-e-type=\"widget\" data-widget_type=\"image.default\">\n\t\t\t\t<div class=\"elementor-widget-container\">\n\t\t\t\t\t\t\t\t\t\t\t\t\t\t\t<img decoding=\"async\" width=\"800\" height=\"533\" src=\"https:\/\/englishlanguagemadeeasy.com\/wp-content\/uploads\/2023\/08\/Laptop-copy.jpeg\" class=\"attachment-full size-full wp-image-2247\" alt=\"\" srcset=\"https:\/\/englishlanguagemadeeasy.com\/wp-content\/uploads\/2023\/08\/Laptop-copy.jpeg 800w, https:\/\/englishlanguagemadeeasy.com\/wp-content\/uploads\/2023\/08\/Laptop-copy-300x200.jpeg 300w, https:\/\/englishlanguagemadeeasy.com\/wp-content\/uploads\/2023\/08\/Laptop-copy-768x512.jpeg 768w\" sizes=\"(max-width: 800px) 100vw, 800px\" \/>\t\t\t\t\t\t\t\t\t\t\t\t\t\t\t<\/div>\n\t\t\t\t<\/div>\n\t\t\t\t<div class=\"elementor-element elementor-element-hvynxle elementor-widget elementor-widget-text-editor\" data-id=\"hvynxle\" data-element_type=\"widget\" data-e-type=\"widget\" data-widget_type=\"text-editor.default\">\n\t\t\t\t<div class=\"elementor-widget-container\">\n\t\t\t\t\t\t\t\t\t<p>Passez \u00e0 la vitesse sup\u00e9rieure dans votre apprentissage de l&rsquo;anglais. English Language Made Easy propose des stages et des placements dans divers secteurs d&rsquo;activit\u00e9.<\/p>\t\t\t\t\t\t\t\t<\/div>\n\t\t\t\t<\/div>\n\t\t\t\t\t<\/div>\n\t\t<\/div>\n\t\t\t\t\t<\/div>\n\t\t<\/section>\n\t\t\t\t<section class=\"elementor-section elementor-top-section elementor-element elementor-element-gujrtrn elementor-section-boxed elementor-section-height-default elementor-section-height-default\" data-id=\"gujrtrn\" data-element_type=\"section\" data-e-type=\"section\">\n\t\t\t\t\t\t<div class=\"elementor-container elementor-column-gap-default\">\n\t\t\t\t\t<div class=\"elementor-column elementor-col-100 elementor-top-column elementor-element elementor-element-byuwisz\" data-id=\"byuwisz\" data-element_type=\"column\" data-e-type=\"column\">\n\t\t\t<div class=\"elementor-widget-wrap elementor-element-populated\">\n\t\t\t\t\t\t<div class=\"elementor-element elementor-element-1546573 elementor-align-center elementor-widget elementor-widget-button\" data-id=\"1546573\" data-element_type=\"widget\" data-e-type=\"widget\" data-widget_type=\"button.default\">\n\t\t\t\t<div class=\"elementor-widget-container\">\n\t\t\t\t\t\t\t\t\t<div class=\"elementor-button-wrapper\">\n\t\t\t\t\t<a class=\"elementor-button elementor-button-link elementor-size-sm\" href=\"https:\/\/englishlanguagemadeeasy.com\/work-experience-and-homestay\/\" target=\"_blank\">\n\t\t\t\t\t\t<span class=\"elementor-button-content-wrapper\">\n\t\t\t\t\t\t\t\t\t<span class=\"elementor-button-text\">En savoir plus<\/span>\n\t\t\t\t\t<\/span>\n\t\t\t\t\t<\/a>\n\t\t\t\t<\/div>\n\t\t\t\t\t\t\t\t<\/div>\n\t\t\t\t<\/div>\n\t\t\t\t<div class=\"elementor-element elementor-element-amrpsnk elementor-widget-divider--view-line elementor-widget elementor-widget-divider\" data-id=\"amrpsnk\" data-element_type=\"widget\" data-e-type=\"widget\" data-widget_type=\"divider.default\">\n\t\t\t\t<div class=\"elementor-widget-container\">\n\t\t\t\t\t\t\t<div class=\"elementor-divider\">\n\t\t\t<span class=\"elementor-divider-separator\">\n\t\t\t\t\t\t<\/span>\n\t\t<\/div>\n\t\t\t\t\t\t<\/div>\n\t\t\t\t<\/div>\n\t\t\t\t\t<\/div>\n\t\t<\/div>\n\t\t\t\t\t<\/div>\n\t\t<\/section>\n\t\t\t\t<section class=\"elementor-section elementor-top-section elementor-element elementor-element-7979a57 elementor-section-boxed elementor-section-height-default elementor-section-height-default\" data-id=\"7979a57\" data-element_type=\"section\" data-e-type=\"section\">\n\t\t\t\t\t\t<div class=\"elementor-container elementor-column-gap-default\">\n\t\t\t\t\t<div class=\"elementor-column elementor-col-100 elementor-top-column elementor-element elementor-element-d49be6b\" data-id=\"d49be6b\" data-element_type=\"column\" data-e-type=\"column\">\n\t\t\t<div class=\"elementor-widget-wrap elementor-element-populated\">\n\t\t\t\t\t\t<div class=\"elementor-element elementor-element-5c7b603 elementor-widget elementor-widget-heading\" data-id=\"5c7b603\" data-element_type=\"widget\" data-e-type=\"widget\" data-widget_type=\"heading.default\">\n\t\t\t\t<div class=\"elementor-widget-container\">\n\t\t\t\t\t<h2 class=\"elementor-heading-title elementor-size-default\">Camp d'\u00e9t\u00e9<\/h2>\t\t\t\t<\/div>\n\t\t\t\t<\/div>\n\t\t\t\t<div class=\"elementor-element elementor-element-77a91df elementor-widget elementor-widget-image\" data-id=\"77a91df\" data-element_type=\"widget\" data-e-type=\"widget\" data-widget_type=\"image.default\">\n\t\t\t\t<div class=\"elementor-widget-container\">\n\t\t\t\t\t\t\t\t\t\t\t\t\t\t\t<img decoding=\"async\" width=\"800\" height=\"460\" src=\"https:\/\/englishlanguagemadeeasy.com\/wp-content\/uploads\/2023\/08\/Soccer-game.jpeg\" class=\"attachment-full size-full wp-image-2250\" alt=\"\" srcset=\"https:\/\/englishlanguagemadeeasy.com\/wp-content\/uploads\/2023\/08\/Soccer-game.jpeg 800w, https:\/\/englishlanguagemadeeasy.com\/wp-content\/uploads\/2023\/08\/Soccer-game-300x173.jpeg 300w, https:\/\/englishlanguagemadeeasy.com\/wp-content\/uploads\/2023\/08\/Soccer-game-768x442.jpeg 768w\" sizes=\"(max-width: 800px) 100vw, 800px\" \/>\t\t\t\t\t\t\t\t\t\t\t\t\t\t\t<\/div>\n\t\t\t\t<\/div>\n\t\t\t\t<div class=\"elementor-element elementor-element-ca04a9c elementor-widget elementor-widget-text-editor\" data-id=\"ca04a9c\" data-element_type=\"widget\" data-e-type=\"widget\" data-widget_type=\"text-editor.default\">\n\t\t\t\t<div class=\"elementor-widget-container\">\n\t\t\t\t\t\t\t\t\t<p>Il n&rsquo;y a pas de meilleur moyen d&rsquo;apprendre une deuxi\u00e8me langue que de passer du temps avec des locuteurs natifs. L&rsquo;Irlande est un pays merveilleux, gr\u00e2ce \u00e0 ses habitants chaleureux et \u00e0 son histoire fascinante.<\/p>\t\t\t\t\t\t\t\t<\/div>\n\t\t\t\t<\/div>\n\t\t\t\t<div class=\"elementor-element elementor-element-1757575 elementor-align-center elementor-widget elementor-widget-button\" data-id=\"1757575\" data-element_type=\"widget\" data-e-type=\"widget\" data-widget_type=\"button.default\">\n\t\t\t\t<div class=\"elementor-widget-container\">\n\t\t\t\t\t\t\t\t\t<div class=\"elementor-button-wrapper\">\n\t\t\t\t\t<a class=\"elementor-button elementor-button-link elementor-size-sm\" href=\"https:\/\/englishlanguagemadeeasy.com\/summer-study-camp\/\" target=\"_blank\">\n\t\t\t\t\t\t<span class=\"elementor-button-content-wrapper\">\n\t\t\t\t\t\t\t\t\t<span class=\"elementor-button-text\">En savoir plus<\/span>\n\t\t\t\t\t<\/span>\n\t\t\t\t\t<\/a>\n\t\t\t\t<\/div>\n\t\t\t\t\t\t\t\t<\/div>\n\t\t\t\t<\/div>\n\t\t\t\t\t<\/div>\n\t\t<\/div>\n\t\t\t\t\t<\/div>\n\t\t<\/section>\n\t\t\t\t<\/div>\n\t\t","protected":false},"excerpt":{"rendered":"<p>S\u00e9jour chez le professeur Notre programme repose sur le fait que les \u00e9tudiants vivent une exp\u00e9rience irlandaise authentique et s\u00e9journent dans une famille d&rsquo;accueil qui les accueille et les traite comme un membre de leur propre famille. L&rsquo;\u00e9tudiant sera compl\u00e8tement immerg\u00e9 dans la langue anglaise et la culture irlandaise. Nous garantissons qu&rsquo;il n&rsquo;y aura pas [&hellip;]<\/p>\n","protected":false},"author":1,"featured_media":0,"parent":0,"menu_order":0,"comment_status":"closed","ping_status":"closed","template":"","meta":{"ocean_post_layout":"full-width","ocean_both_sidebars_style":"","ocean_both_sidebars_content_width":0,"ocean_both_sidebars_sidebars_width":0,"ocean_sidebar":"0","ocean_second_sidebar":"0","ocean_disable_margins":"enable","ocean_add_body_class":"","ocean_shortcode_before_top_bar":"","ocean_shortcode_after_top_bar":"","ocean_shortcode_before_header":"","ocean_shortcode_after_header":"","ocean_has_shortcode":"","ocean_shortcode_after_title":"","ocean_shortcode_before_footer_widgets":"","ocean_shortcode_after_footer_widgets":"","ocean_shortcode_before_footer_bottom":"","ocean_shortcode_after_footer_bottom":"","ocean_display_top_bar":"default","ocean_display_header":"default","ocean_header_style":"","ocean_center_header_left_menu":"0","ocean_custom_header_template":"0","ocean_custom_logo":0,"ocean_custom_retina_logo":0,"ocean_custom_logo_max_width":0,"ocean_custom_logo_tablet_max_width":0,"ocean_custom_logo_mobile_max_width":0,"ocean_custom_logo_max_height":0,"ocean_custom_logo_tablet_max_height":0,"ocean_custom_logo_mobile_max_height":0,"ocean_header_custom_menu":"0","ocean_menu_typo_font_family":"0","ocean_menu_typo_font_subset":"","ocean_menu_typo_font_size":0,"ocean_menu_typo_font_size_tablet":0,"ocean_menu_typo_font_size_mobile":0,"ocean_menu_typo_font_size_unit":"px","ocean_menu_typo_font_weight":"","ocean_menu_typo_font_weight_tablet":"","ocean_menu_typo_font_weight_mobile":"","ocean_menu_typo_transform":"","ocean_menu_typo_transform_tablet":"","ocean_menu_typo_transform_mobile":"","ocean_menu_typo_line_height":0,"ocean_menu_typo_line_height_tablet":0,"ocean_menu_typo_line_height_mobile":0,"ocean_menu_typo_line_height_unit":"","ocean_menu_typo_spacing":0,"ocean_menu_typo_spacing_tablet":0,"ocean_menu_typo_spacing_mobile":0,"ocean_menu_typo_spacing_unit":"","ocean_menu_link_color":"","ocean_menu_link_color_hover":"","ocean_menu_link_color_active":"","ocean_menu_link_background":"","ocean_menu_link_hover_background":"","ocean_menu_link_active_background":"","ocean_menu_social_links_bg":"","ocean_menu_social_hover_links_bg":"","ocean_menu_social_links_color":"","ocean_menu_social_hover_links_color":"","ocean_disable_title":"on","ocean_disable_heading":"default","ocean_post_title":"","ocean_post_subheading":"","ocean_post_title_style":"","ocean_post_title_background_color":"","ocean_post_title_background":0,"ocean_post_title_bg_image_position":"","ocean_post_title_bg_image_attachment":"","ocean_post_title_bg_image_repeat":"","ocean_post_title_bg_image_size":"","ocean_post_title_height":0,"ocean_post_title_bg_overlay":0.5,"ocean_post_title_bg_overlay_color":"","ocean_disable_breadcrumbs":"default","ocean_breadcrumbs_color":"","ocean_breadcrumbs_separator_color":"","ocean_breadcrumbs_links_color":"","ocean_breadcrumbs_links_hover_color":"","ocean_display_footer_widgets":"default","ocean_display_footer_bottom":"default","ocean_custom_footer_template":"0","footnotes":""},"class_list":["post-2841","page","type-page","status-publish","hentry","entry"],"yoast_head":"<!-- This site is optimized with the Yoast SEO plugin v27.0 - https:\/\/yoast.com\/product\/yoast-seo-wordpress\/ -->\n<title>Programmes - ELME<\/title>\n<meta name=\"robots\" content=\"index, follow, max-snippet:-1, max-image-preview:large, max-video-preview:-1\" \/>\n<link rel=\"canonical\" href=\"https:\/\/englishlanguagemadeeasy.com\/fr\/programmes\/\" \/>\n<meta property=\"og:locale\" content=\"fr_FR\" \/>\n<meta property=\"og:type\" content=\"article\" \/>\n<meta property=\"og:title\" content=\"Programmes - ELME\" \/>\n<meta property=\"og:description\" content=\"S\u00e9jour chez le professeur Notre programme repose sur le fait que les \u00e9tudiants vivent une exp\u00e9rience irlandaise authentique et s\u00e9journent dans une famille d&rsquo;accueil qui les accueille et les traite comme un membre de leur propre famille. L&rsquo;\u00e9tudiant sera compl\u00e8tement immerg\u00e9 dans la langue anglaise et la culture irlandaise. Nous garantissons qu&rsquo;il n&rsquo;y aura pas [&hellip;]\" \/>\n<meta property=\"og:url\" content=\"https:\/\/englishlanguagemadeeasy.com\/fr\/programmes\/\" \/>\n<meta property=\"og:site_name\" content=\"ELME\" \/>\n<meta property=\"article:modified_time\" content=\"2025-07-03T09:58:31+00:00\" \/>\n<meta property=\"og:image\" content=\"https:\/\/englishlanguagemadeeasy.com\/wp-content\/uploads\/2023\/08\/Pencil.jpeg\" \/>\n\t<meta property=\"og:image:width\" content=\"800\" \/>\n\t<meta property=\"og:image:height\" content=\"533\" \/>\n\t<meta property=\"og:image:type\" content=\"image\/jpeg\" \/>\n<meta name=\"twitter:card\" content=\"summary_large_image\" \/>\n<meta name=\"twitter:label1\" content=\"Dur\u00e9e de lecture estim\u00e9e\" \/>\n\t<meta name=\"twitter:data1\" content=\"1 minute\" \/>\n<!-- \/ Yoast SEO plugin. -->","yoast_head_json":{"title":"Programmes - ELME","robots":{"index":"index","follow":"follow","max-snippet":"max-snippet:-1","max-image-preview":"max-image-preview:large","max-video-preview":"max-video-preview:-1"},"canonical":"https:\/\/englishlanguagemadeeasy.com\/fr\/programmes\/","og_locale":"fr_FR","og_type":"article","og_title":"Programmes - ELME","og_description":"S\u00e9jour chez le professeur Notre programme repose sur le fait que les \u00e9tudiants vivent une exp\u00e9rience irlandaise authentique et s\u00e9journent dans une famille d&rsquo;accueil qui les accueille et les traite comme un membre de leur propre famille. L&rsquo;\u00e9tudiant sera compl\u00e8tement immerg\u00e9 dans la langue anglaise et la culture irlandaise. Nous garantissons qu&rsquo;il n&rsquo;y aura pas [&hellip;]","og_url":"https:\/\/englishlanguagemadeeasy.com\/fr\/programmes\/","og_site_name":"ELME","article_modified_time":"2025-07-03T09:58:31+00:00","og_image":[{"width":800,"height":533,"url":"https:\/\/englishlanguagemadeeasy.com\/wp-content\/uploads\/2023\/08\/Pencil.jpeg","type":"image\/jpeg"}],"twitter_card":"summary_large_image","twitter_misc":{"Dur\u00e9e de lecture estim\u00e9e":"1 minute"},"schema":{"@context":"https:\/\/schema.org","@graph":[{"@type":"WebPage","@id":"https:\/\/englishlanguagemadeeasy.com\/fr\/programmes\/","url":"https:\/\/englishlanguagemadeeasy.com\/fr\/programmes\/","name":"Programmes - ELME","isPartOf":{"@id":"https:\/\/englishlanguagemadeeasy.com\/fr\/#website"},"primaryImageOfPage":{"@id":"https:\/\/englishlanguagemadeeasy.com\/fr\/programmes\/#primaryimage"},"image":{"@id":"https:\/\/englishlanguagemadeeasy.com\/fr\/programmes\/#primaryimage"},"thumbnailUrl":"https:\/\/englishlanguagemadeeasy.com\/wp-content\/uploads\/2023\/08\/Pencil.jpeg","datePublished":"2025-07-01T18:41:24+00:00","dateModified":"2025-07-03T09:58:31+00:00","breadcrumb":{"@id":"https:\/\/englishlanguagemadeeasy.com\/fr\/programmes\/#breadcrumb"},"inLanguage":"fr-FR","potentialAction":[{"@type":"ReadAction","target":["https:\/\/englishlanguagemadeeasy.com\/fr\/programmes\/"]}]},{"@type":"ImageObject","inLanguage":"fr-FR","@id":"https:\/\/englishlanguagemadeeasy.com\/fr\/programmes\/#primaryimage","url":"https:\/\/englishlanguagemadeeasy.com\/wp-content\/uploads\/2023\/08\/Pencil.jpeg","contentUrl":"https:\/\/englishlanguagemadeeasy.com\/wp-content\/uploads\/2023\/08\/Pencil.jpeg"},{"@type":"BreadcrumbList","@id":"https:\/\/englishlanguagemadeeasy.com\/fr\/programmes\/#breadcrumb","itemListElement":[{"@type":"ListItem","position":1,"name":"Home","item":"https:\/\/englishlanguagemadeeasy.com\/fr\/home\/"},{"@type":"ListItem","position":2,"name":"Programmes"}]},{"@type":"WebSite","@id":"https:\/\/englishlanguagemadeeasy.com\/fr\/#website","url":"https:\/\/englishlanguagemadeeasy.com\/fr\/","name":"https:\/\/englishlanguagemadeeasy.com\/","description":"English Language Made Easy","publisher":{"@id":"https:\/\/englishlanguagemadeeasy.com\/fr\/#organization"},"potentialAction":[{"@type":"SearchAction","target":{"@type":"EntryPoint","urlTemplate":"https:\/\/englishlanguagemadeeasy.com\/fr\/?s={search_term_string}"},"query-input":{"@type":"PropertyValueSpecification","valueRequired":true,"valueName":"search_term_string"}}],"inLanguage":"fr-FR"},{"@type":"Organization","@id":"https:\/\/englishlanguagemadeeasy.com\/fr\/#organization","name":"English Language Made Easy","url":"https:\/\/englishlanguagemadeeasy.com\/fr\/","logo":{"@type":"ImageObject","inLanguage":"fr-FR","@id":"https:\/\/englishlanguagemadeeasy.com\/fr\/#\/schema\/logo\/image\/","url":"https:\/\/englishlanguagemadeeasy.com\/wp-content\/uploads\/2021\/03\/cropped-LOGO.png","contentUrl":"https:\/\/englishlanguagemadeeasy.com\/wp-content\/uploads\/2021\/03\/cropped-LOGO.png","width":252,"height":178,"caption":"English Language Made Easy"},"image":{"@id":"https:\/\/englishlanguagemadeeasy.com\/fr\/#\/schema\/logo\/image\/"}}]}},"_links":{"self":[{"href":"https:\/\/englishlanguagemadeeasy.com\/fr\/wp-json\/wp\/v2\/pages\/2841","targetHints":{"allow":["GET"]}}],"collection":[{"href":"https:\/\/englishlanguagemadeeasy.com\/fr\/wp-json\/wp\/v2\/pages"}],"about":[{"href":"https:\/\/englishlanguagemadeeasy.com\/fr\/wp-json\/wp\/v2\/types\/page"}],"author":[{"embeddable":true,"href":"https:\/\/englishlanguagemadeeasy.com\/fr\/wp-json\/wp\/v2\/users\/1"}],"replies":[{"embeddable":true,"href":"https:\/\/englishlanguagemadeeasy.com\/fr\/wp-json\/wp\/v2\/comments?post=2841"}],"version-history":[{"count":4,"href":"https:\/\/englishlanguagemadeeasy.com\/fr\/wp-json\/wp\/v2\/pages\/2841\/revisions"}],"predecessor-version":[{"id":2884,"href":"https:\/\/englishlanguagemadeeasy.com\/fr\/wp-json\/wp\/v2\/pages\/2841\/revisions\/2884"}],"wp:attachment":[{"href":"https:\/\/englishlanguagemadeeasy.com\/fr\/wp-json\/wp\/v2\/media?parent=2841"}],"curies":[{"name":"wp","href":"https:\/\/api.w.org\/{rel}","templated":true}]}}