{"id":2916,"date":"2025-07-03T12:00:12","date_gmt":"2025-07-03T12:00:12","guid":{"rendered":"https:\/\/englishlanguagemadeeasy.com\/?page_id=2916"},"modified":"2025-07-03T12:00:55","modified_gmt":"2025-07-03T12:00:55","slug":"politica-de-privacidad","status":"publish","type":"page","link":"https:\/\/englishlanguagemadeeasy.com\/es\/politica-de-privacidad\/","title":{"rendered":"Pol\u00edtica de privacidad"},"content":{"rendered":"\n<h2 class=\"wp-block-heading\"><strong>Qui\u00e9nes somos<\/strong><\/h2>\n\n\n\n<p>La direcci\u00f3n de nuestro sitio web es: https:\/\/englishlanguagemadeeasy.com.<\/p>\n\n\n\n<h2 class=\"wp-block-heading\"><strong>Qu\u00e9 datos personales recopilamos y por qu\u00e9 los recopilamos<\/strong><\/h2>\n\n\n\n<h3 class=\"wp-block-heading\"><strong>Comentarios<\/strong><\/h3>\n\n\n\n<p>Cuando los visitantes dejan comentarios en el sitio, recopilamos los datos que se muestran en el formulario de comentarios, as\u00ed como la direcci\u00f3n IP del visitante y la cadena del agente de usuario del navegador para ayudar a detectar el spam.<\/p>\n\n\n\n<p>Es posible que se proporcione al servicio Gravatar una cadena an\u00f3nima creada a partir de su direcci\u00f3n de correo electr\u00f3nico (tambi\u00e9n llamada hash) para comprobar si lo est\u00e1 utilizando. La pol\u00edtica de privacidad del servicio Gravatar est\u00e1 disponible aqu\u00ed: https:\/\/automattic.com\/privacy\/. Una vez aprobado su comentario, su foto de perfil ser\u00e1 visible para el p\u00fablico en el contexto de su comentario.<\/p>\n\n\n\n<h3 class=\"wp-block-heading\"><strong>Medios<\/strong><\/h3>\n\n\n\n<p>Si sube im\u00e1genes al sitio web, debe evitar subir im\u00e1genes con datos de ubicaci\u00f3n incrustados (EXIF GPS). Los visitantes del sitio web pueden descargar y extraer cualquier dato de ubicaci\u00f3n de las im\u00e1genes del sitio web.<\/p>\n\n\n\n<h3 class=\"wp-block-heading\"><strong>Formularios de contacto<\/strong><\/h3>\n\n\n\n<p>Los datos personales se recogen cuando alguien env\u00eda un formulario de contacto. Conservamos esta informaci\u00f3n durante un a\u00f1o y no se utiliza con fines de marketing.<\/p>\n\n\n\n<h3 class=\"wp-block-heading\"><strong>Cookies<\/strong><\/h3>\n\n\n\n<p>Si deja un comentario en nuestro sitio, puede optar por guardar su nombre, direcci\u00f3n de correo electr\u00f3nico y sitio web en cookies. Esto es para su comodidad, para que no tenga que volver a rellenar sus datos cuando deje otro comentario. Estas cookies durar\u00e1n un a\u00f1o.<\/p>\n\n\n\n<p>Si visita nuestra p\u00e1gina de inicio de sesi\u00f3n, estableceremos una cookie temporal para determinar si su navegador acepta cookies. Esta cookie no contiene datos personales y se descarta cuando cierra su navegador.<\/p>\n\n\n\n<p>Cuando inicie sesi\u00f3n, tambi\u00e9n configuraremos varias cookies para guardar su informaci\u00f3n de inicio de sesi\u00f3n y sus opciones de visualizaci\u00f3n en pantalla. Las cookies de inicio de sesi\u00f3n duran dos d\u00edas y las cookies de opciones de pantalla duran un a\u00f1o. Si selecciona \u00abRecordarme\u00bb, su inicio de sesi\u00f3n se mantendr\u00e1 durante dos semanas. Si cierra sesi\u00f3n en su cuenta, las cookies de inicio de sesi\u00f3n se eliminar\u00e1n.<\/p>\n\n\n\n<p>Si edita o publica un art\u00edculo, se guardar\u00e1 una cookie adicional en su navegador. Esta cookie no incluye datos personales y simplemente indica el ID de la publicaci\u00f3n del art\u00edculo que acaba de editar. Caduca al cabo de 1 d\u00eda.<\/p>\n\n\n\n<h3 class=\"wp-block-heading\"><strong>Contenido incrustado de otros sitios web<\/strong><\/h3>\n\n\n\n<p>Los art\u00edculos de este sitio pueden incluir contenido incrustado (por ejemplo, v\u00eddeos, im\u00e1genes, art\u00edculos, etc.). El contenido incrustado de otros sitios web se comporta exactamente igual que si el visitante hubiera visitado el otro sitio web.<\/p>\n\n\n\n<p>Estos sitios web pueden recopilar datos sobre usted, utilizar cookies, incrustar seguimiento adicional de terceros y supervisar su interacci\u00f3n con ese contenido incrustado, incluido el seguimiento de su interacci\u00f3n con el contenido incrustado si tiene una cuenta y ha iniciado sesi\u00f3n en ese sitio web.<\/p>\n\n\n\n<h2 class=\"wp-block-heading\"><strong>Con qui\u00e9n compartimos sus datos<\/strong><\/h2>\n\n\n\n<p>ELME recopilar\u00e1 informaci\u00f3n, almacenar\u00e1 informaci\u00f3n y compartir\u00e1 informaci\u00f3n con nuestros coordinadores en<\/p>\n\n\n\n<p>Espa\u00f1a e Italia, ya que estos coordinadores participar\u00e1n en todo el proceso de ayuda a los estudiantes internacionales<\/p>\n\n\n\n<p>y a sus familias con la colocaci\u00f3n en familias de acogida en Irlanda. Toda la informaci\u00f3n solo se<\/p>\n\n\n\n<p>compartir\u00e1 con los coordinadores con los que contamos y con las familias implicadas. No se compartir\u00e1 ninguna informaci\u00f3n con<\/p>\n\n\n\n<p>fines de marketing con terceros y, de conformidad con el RGPD, usted puede solicitar en cualquier momento su<\/p>\n\n\n\n<p>informaci\u00f3n almacenada a ELME. Tambi\u00e9n puede solicitar que se elimine su informaci\u00f3n en cualquier momento.<\/p>\n\n\n\n<p>Su informaci\u00f3n solo se utilizar\u00e1 para tramitar su solicitud. Compartiremos su informaci\u00f3n personal<\/p>\n\n\n\n<p>con nuestros coordinadores:<\/p>\n\n\n\n<p>Asun Mart\u00ednez Franco<\/p>\n\n\n\n<p>Si solicita restablecer su contrase\u00f1a, su direcci\u00f3n IP se incluir\u00e1 en el correo electr\u00f3nico de restablecimiento.<\/p>\n\n\n\n<h2 class=\"wp-block-heading\"><strong>Cu\u00e1nto tiempo conservamos sus datos<\/strong><\/h2>\n\n\n\n<p>Si deja un comentario, el comentario y sus metadatos se conservan indefinidamente. Esto nos permite reconocer y aprobar autom\u00e1ticamente cualquier comentario posterior, en lugar de mantenerlo en una cola de moderaci\u00f3n.<\/p>\n\n\n\n<p>En el caso de los usuarios que se registran en nuestro sitio web (si los hay), tambi\u00e9n almacenamos la informaci\u00f3n personal que proporcionan en su perfil de usuario. Todos los usuarios pueden ver, editar o eliminar su informaci\u00f3n personal en cualquier momento (excepto que no pueden cambiar su nombre de usuario). Los administradores del sitio web tambi\u00e9n pueden ver y editar esa informaci\u00f3n.<\/p>\n\n\n\n<h2 class=\"wp-block-heading\"><strong>Qu\u00e9 derechos tiene sobre sus datos<\/strong><\/h2>\n\n\n\n<p>Si tiene una cuenta en este sitio web o ha dejado comentarios, puede solicitar que le enviemos un archivo con los datos personales que tenemos sobre usted, incluidos los datos que nos haya facilitado. Tambi\u00e9n puede solicitar que eliminemos cualquier dato personal que tengamos sobre usted. Esto no incluye los datos que estamos obligados a conservar por motivos administrativos, legales o de seguridad.<\/p>\n\n\n\n<h2 class=\"wp-block-heading\"><strong>D\u00f3nde enviamos tus datos<\/strong><\/h2>\n\n\n\n<p>Los comentarios de los visitantes pueden ser revisados a trav\u00e9s de un servicio automatizado de detecci\u00f3n de spam.<\/p>\n\n\n\n<h2 class=\"wp-block-heading\"><strong>Tu informaci\u00f3n de contacto<\/strong><\/h2>\n\n\n\n<p><strong>Propietaria del sitio<\/strong>: Sally Kermath<\/p>\n\n\n\n<p><strong>Direcci\u00f3n<\/strong>: Crossafehin, Virginia Co Cavan<\/p>\n\n\n\n<p><strong>Tel\u00e9fono<\/strong>: 00353 87 2792807<\/p>\n\n\n\n<p><strong>Correo electr\u00f3nico<\/strong>: <a href=\"mailto:sally.elme@gmail.com\"><u>sally.elme@gmail.com<\/u><\/a><\/p>\n","protected":false},"excerpt":{"rendered":"<p>Qui\u00e9nes somos La direcci\u00f3n de nuestro sitio web es: https:\/\/englishlanguagemadeeasy.com. Qu\u00e9 datos personales recopilamos y por qu\u00e9 los recopilamos Comentarios Cuando los visitantes dejan comentarios en el sitio, recopilamos los datos que se muestran en el formulario de comentarios, as\u00ed como la direcci\u00f3n IP del visitante y la cadena del agente de usuario del navegador [&hellip;]<\/p>\n","protected":false},"author":1,"featured_media":0,"parent":0,"menu_order":0,"comment_status":"closed","ping_status":"closed","template":"","meta":{"ocean_post_layout":"full-width","ocean_both_sidebars_style":"","ocean_both_sidebars_content_width":0,"ocean_both_sidebars_sidebars_width":0,"ocean_sidebar":"0","ocean_second_sidebar":"0","ocean_disable_margins":"enable","ocean_add_body_class":"","ocean_shortcode_before_top_bar":"","ocean_shortcode_after_top_bar":"","ocean_shortcode_before_header":"","ocean_shortcode_after_header":"","ocean_has_shortcode":"","ocean_shortcode_after_title":"","ocean_shortcode_before_footer_widgets":"","ocean_shortcode_after_footer_widgets":"","ocean_shortcode_before_footer_bottom":"","ocean_shortcode_after_footer_bottom":"","ocean_display_top_bar":"default","ocean_display_header":"default","ocean_header_style":"","ocean_center_header_left_menu":"0","ocean_custom_header_template":"0","ocean_custom_logo":0,"ocean_custom_retina_logo":0,"ocean_custom_logo_max_width":0,"ocean_custom_logo_tablet_max_width":0,"ocean_custom_logo_mobile_max_width":0,"ocean_custom_logo_max_height":0,"ocean_custom_logo_tablet_max_height":0,"ocean_custom_logo_mobile_max_height":0,"ocean_header_custom_menu":"0","ocean_menu_typo_font_family":"0","ocean_menu_typo_font_subset":"","ocean_menu_typo_font_size":0,"ocean_menu_typo_font_size_tablet":0,"ocean_menu_typo_font_size_mobile":0,"ocean_menu_typo_font_size_unit":"px","ocean_menu_typo_font_weight":"","ocean_menu_typo_font_weight_tablet":"","ocean_menu_typo_font_weight_mobile":"","ocean_menu_typo_transform":"","ocean_menu_typo_transform_tablet":"","ocean_menu_typo_transform_mobile":"","ocean_menu_typo_line_height":0,"ocean_menu_typo_line_height_tablet":0,"ocean_menu_typo_line_height_mobile":0,"ocean_menu_typo_line_height_unit":"","ocean_menu_typo_spacing":0,"ocean_menu_typo_spacing_tablet":0,"ocean_menu_typo_spacing_mobile":0,"ocean_menu_typo_spacing_unit":"","ocean_menu_link_color":"","ocean_menu_link_color_hover":"","ocean_menu_link_color_active":"","ocean_menu_link_background":"","ocean_menu_link_hover_background":"","ocean_menu_link_active_background":"","ocean_menu_social_links_bg":"","ocean_menu_social_hover_links_bg":"","ocean_menu_social_links_color":"","ocean_menu_social_hover_links_color":"","ocean_disable_title":"on","ocean_disable_heading":"default","ocean_post_title":"","ocean_post_subheading":"","ocean_post_title_style":"","ocean_post_title_background_color":"","ocean_post_title_background":0,"ocean_post_title_bg_image_position":"","ocean_post_title_bg_image_attachment":"","ocean_post_title_bg_image_repeat":"","ocean_post_title_bg_image_size":"","ocean_post_title_height":0,"ocean_post_title_bg_overlay":0.5,"ocean_post_title_bg_overlay_color":"","ocean_disable_breadcrumbs":"default","ocean_breadcrumbs_color":"","ocean_breadcrumbs_separator_color":"","ocean_breadcrumbs_links_color":"","ocean_breadcrumbs_links_hover_color":"","ocean_display_footer_widgets":"default","ocean_display_footer_bottom":"default","ocean_custom_footer_template":"0","footnotes":""},"class_list":["post-2916","page","type-page","status-publish","hentry","entry"],"yoast_head":"<!-- This site is optimized with the Yoast SEO plugin v27.0 - https:\/\/yoast.com\/product\/yoast-seo-wordpress\/ -->\n<title>Pol\u00edtica de privacidad - ELME<\/title>\n<meta name=\"robots\" content=\"index, follow, max-snippet:-1, max-image-preview:large, max-video-preview:-1\" \/>\n<link rel=\"canonical\" href=\"https:\/\/englishlanguagemadeeasy.com\/es\/politica-de-privacidad\/\" \/>\n<meta property=\"og:locale\" content=\"es_ES\" \/>\n<meta property=\"og:type\" content=\"article\" \/>\n<meta property=\"og:title\" content=\"Pol\u00edtica de privacidad - ELME\" \/>\n<meta property=\"og:description\" content=\"Qui\u00e9nes somos La direcci\u00f3n de nuestro sitio web es: https:\/\/englishlanguagemadeeasy.com. Qu\u00e9 datos personales recopilamos y por qu\u00e9 los recopilamos Comentarios Cuando los visitantes dejan comentarios en el sitio, recopilamos los datos que se muestran en el formulario de comentarios, as\u00ed como la direcci\u00f3n IP del visitante y la cadena del agente de usuario del navegador [&hellip;]\" \/>\n<meta property=\"og:url\" content=\"https:\/\/englishlanguagemadeeasy.com\/es\/politica-de-privacidad\/\" \/>\n<meta property=\"og:site_name\" content=\"ELME\" \/>\n<meta property=\"article:modified_time\" content=\"2025-07-03T12:00:55+00:00\" \/>\n<meta name=\"twitter:card\" content=\"summary_large_image\" \/>\n<meta name=\"twitter:label1\" content=\"Tiempo de lectura\" \/>\n\t<meta name=\"twitter:data1\" content=\"4 minutos\" \/>\n<!-- \/ Yoast SEO plugin. -->","yoast_head_json":{"title":"Pol\u00edtica de privacidad - ELME","robots":{"index":"index","follow":"follow","max-snippet":"max-snippet:-1","max-image-preview":"max-image-preview:large","max-video-preview":"max-video-preview:-1"},"canonical":"https:\/\/englishlanguagemadeeasy.com\/es\/politica-de-privacidad\/","og_locale":"es_ES","og_type":"article","og_title":"Pol\u00edtica de privacidad - ELME","og_description":"Qui\u00e9nes somos La direcci\u00f3n de nuestro sitio web es: https:\/\/englishlanguagemadeeasy.com. Qu\u00e9 datos personales recopilamos y por qu\u00e9 los recopilamos Comentarios Cuando los visitantes dejan comentarios en el sitio, recopilamos los datos que se muestran en el formulario de comentarios, as\u00ed como la direcci\u00f3n IP del visitante y la cadena del agente de usuario del navegador [&hellip;]","og_url":"https:\/\/englishlanguagemadeeasy.com\/es\/politica-de-privacidad\/","og_site_name":"ELME","article_modified_time":"2025-07-03T12:00:55+00:00","twitter_card":"summary_large_image","twitter_misc":{"Tiempo de lectura":"4 minutos"},"schema":{"@context":"https:\/\/schema.org","@graph":[{"@type":"WebPage","@id":"https:\/\/englishlanguagemadeeasy.com\/es\/politica-de-privacidad\/","url":"https:\/\/englishlanguagemadeeasy.com\/es\/politica-de-privacidad\/","name":"Pol\u00edtica de privacidad - ELME","isPartOf":{"@id":"https:\/\/englishlanguagemadeeasy.com\/es\/#website"},"datePublished":"2025-07-03T12:00:12+00:00","dateModified":"2025-07-03T12:00:55+00:00","breadcrumb":{"@id":"https:\/\/englishlanguagemadeeasy.com\/es\/politica-de-privacidad\/#breadcrumb"},"inLanguage":"es","potentialAction":[{"@type":"ReadAction","target":["https:\/\/englishlanguagemadeeasy.com\/es\/politica-de-privacidad\/"]}]},{"@type":"BreadcrumbList","@id":"https:\/\/englishlanguagemadeeasy.com\/es\/politica-de-privacidad\/#breadcrumb","itemListElement":[{"@type":"ListItem","position":1,"name":"Home","item":"https:\/\/englishlanguagemadeeasy.com\/es\/inicio\/"},{"@type":"ListItem","position":2,"name":"Pol\u00edtica de privacidad"}]},{"@type":"WebSite","@id":"https:\/\/englishlanguagemadeeasy.com\/es\/#website","url":"https:\/\/englishlanguagemadeeasy.com\/es\/","name":"https:\/\/englishlanguagemadeeasy.com\/","description":"English Language Made Easy","publisher":{"@id":"https:\/\/englishlanguagemadeeasy.com\/es\/#organization"},"potentialAction":[{"@type":"SearchAction","target":{"@type":"EntryPoint","urlTemplate":"https:\/\/englishlanguagemadeeasy.com\/es\/?s={search_term_string}"},"query-input":{"@type":"PropertyValueSpecification","valueRequired":true,"valueName":"search_term_string"}}],"inLanguage":"es"},{"@type":"Organization","@id":"https:\/\/englishlanguagemadeeasy.com\/es\/#organization","name":"English Language Made Easy","url":"https:\/\/englishlanguagemadeeasy.com\/es\/","logo":{"@type":"ImageObject","inLanguage":"es","@id":"https:\/\/englishlanguagemadeeasy.com\/es\/#\/schema\/logo\/image\/","url":"https:\/\/englishlanguagemadeeasy.com\/wp-content\/uploads\/2021\/03\/cropped-LOGO.png","contentUrl":"https:\/\/englishlanguagemadeeasy.com\/wp-content\/uploads\/2021\/03\/cropped-LOGO.png","width":252,"height":178,"caption":"English Language Made Easy"},"image":{"@id":"https:\/\/englishlanguagemadeeasy.com\/es\/#\/schema\/logo\/image\/"}}]}},"_links":{"self":[{"href":"https:\/\/englishlanguagemadeeasy.com\/es\/wp-json\/wp\/v2\/pages\/2916","targetHints":{"allow":["GET"]}}],"collection":[{"href":"https:\/\/englishlanguagemadeeasy.com\/es\/wp-json\/wp\/v2\/pages"}],"about":[{"href":"https:\/\/englishlanguagemadeeasy.com\/es\/wp-json\/wp\/v2\/types\/page"}],"author":[{"embeddable":true,"href":"https:\/\/englishlanguagemadeeasy.com\/es\/wp-json\/wp\/v2\/users\/1"}],"replies":[{"embeddable":true,"href":"https:\/\/englishlanguagemadeeasy.com\/es\/wp-json\/wp\/v2\/comments?post=2916"}],"version-history":[{"count":2,"href":"https:\/\/englishlanguagemadeeasy.com\/es\/wp-json\/wp\/v2\/pages\/2916\/revisions"}],"predecessor-version":[{"id":2918,"href":"https:\/\/englishlanguagemadeeasy.com\/es\/wp-json\/wp\/v2\/pages\/2916\/revisions\/2918"}],"wp:attachment":[{"href":"https:\/\/englishlanguagemadeeasy.com\/es\/wp-json\/wp\/v2\/media?parent=2916"}],"curies":[{"name":"wp","href":"https:\/\/api.w.org\/{rel}","templated":true}]}}