{"id":2909,"date":"2025-07-03T11:54:53","date_gmt":"2025-07-03T11:54:53","guid":{"rendered":"https:\/\/englishlanguagemadeeasy.com\/?page_id=2909"},"modified":"2025-07-03T11:56:12","modified_gmt":"2025-07-03T11:56:12","slug":"politica-de-cookies-ue","status":"publish","type":"page","link":"https:\/\/englishlanguagemadeeasy.com\/es\/politica-de-cookies-ue\/","title":{"rendered":"Pol\u00edtica de cookies (UE)"},"content":{"rendered":"\n<p><em>Esta Pol\u00edtica de cookies se actualiz\u00f3 por \u00faltima vez el 10 de abril de 2023 y se aplica a los ciudadanos y residentes legales permanentes del Espacio Econ\u00f3mico Europeo y Suiza.<\/em><\/p>\n\n\n\n<h2 class=\"wp-block-heading\"><strong>1. Introducci\u00f3n<\/strong><\/h2>\n\n\n\n<p>Nuestro sitio web, <a href=\"https:\/\/englishlanguagemadeeasy.com\/\"><u>https:\/\/englishlanguagemadeeasy.com<\/u><\/a> (en adelante, \u00abel sitio web\u00bb) utiliza cookies y otras tecnolog\u00edas relacionadas (por comodidad, todas las tecnolog\u00edas se denominan \u00abcookies\u00bb). Tambi\u00e9n colocan cookies terceros con los que colaboramos. En el siguiente documento le informamos sobre el uso de cookies en nuestro sitio web.<\/p>\n\n\n\n<h2 class=\"wp-block-heading\"><strong>2. \u00bfQu\u00e9 son las cookies?<\/strong><\/h2>\n\n\n\n<p>Una cookie es un peque\u00f1o archivo sencillo que se env\u00eda junto con las p\u00e1ginas de este sitio web y que su navegador almacena en el disco duro de su ordenador u otro dispositivo. La informaci\u00f3n almacenada en \u00e9l puede ser devuelta a nuestros servidores o a los servidores de los terceros pertinentes durante una visita posterior.<\/p>\n\n\n\n<h2 class=\"wp-block-heading\"><strong>3. \u00bfQu\u00e9 son los scripts?<\/strong><\/h2>\n\n\n\n<p>Un script es un fragmento de c\u00f3digo de programa que se utiliza para que nuestro sitio web funcione correctamente y de forma interactiva. Este c\u00f3digo se ejecuta en nuestro servidor o en su dispositivo.<\/p>\n\n\n\n<h2 class=\"wp-block-heading\"><strong>4. \u00bfQu\u00e9 es una baliza web?<\/strong><\/h2>\n\n\n\n<p>Una baliza web (o etiqueta de p\u00edxel) es un peque\u00f1o fragmento de texto o imagen invisible en un sitio web que se utiliza para supervisar el tr\u00e1fico en un sitio web. Para ello, se almacenan diversos datos sobre usted mediante balizas web.<\/p>\n\n\n\n<h2 class=\"wp-block-heading\"><strong>5. Cookies<\/strong><\/h2>\n\n\n\n<p><strong>5.1 Cookies t\u00e9cnicas o funcionales<\/strong><\/p>\n\n\n\n<p>Algunas cookies garantizan el correcto funcionamiento de determinadas partes del sitio web y que se recuerden sus preferencias de usuario. Al colocar cookies funcionales, le facilitamos la visita a nuestro sitio web. De este modo, no tendr\u00e1 que introducir repetidamente la misma informaci\u00f3n cuando visite nuestro sitio web y, por ejemplo, los art\u00edculos permanecer\u00e1n en su cesta de la compra hasta que haya pagado. Podemos colocar estas cookies sin su consentimiento.<\/p>\n\n\n\n<p><strong>5.2 Cookies de marketing\/seguimiento<\/strong><\/p>\n\n\n\n<p>Las cookies de marketing\/seguimiento son cookies o cualquier otra forma de almacenamiento local que se utilizan para crear perfiles de usuario con el fin de mostrar publicidad o realizar un seguimiento del usuario en este sitio web o en varios sitios web con fines de marketing similares.<\/p>\n\n\n\n<h2 class=\"wp-block-heading\"><strong>6. Cookies instaladas<\/strong><\/h2>\n\n\n\n<h3 class=\"wp-block-heading\"><strong>Elementor<\/strong><\/h3>\n\n\n\n<p>Estad\u00edsticas (an\u00f3nimas)<\/p>\n\n\n\n<p>Consentimiento para el servicio Elementor.<\/p>\n\n\n\n<h3 class=\"wp-block-heading\"><strong>WordPress<\/strong><\/h3>\n\n\n\n<p>Funcional<\/p>\n\n\n\n<p>Consentimiento para el servicio WordPress.<\/p>\n\n\n\n<h3 class=\"wp-block-heading\"><strong>Klaviyo<\/strong><\/h3>\n\n\n\n<p>Funcional<\/p>\n\n\n\n<p>Consentimiento para el servicio Klaviyo.<\/p>\n\n\n\n<h3 class=\"wp-block-heading\"><strong>WordFence<\/strong><\/h3>\n\n\n\n<p>Funcional<\/p>\n\n\n\n<p>Consentimiento para el servicio Wordfence.<\/p>\n\n\n\n<h3 class=\"wp-block-heading\"><strong>Google Fonts<\/strong><\/h3>\n\n\n\n<p>Finalidad pendiente de investigaci\u00f3n<\/p>\n\n\n\n<p>Consentimiento para el servicio Google Fonts.<\/p>\n\n\n\n<h3 class=\"wp-block-heading\"><strong>Google reCAPTCHA<\/strong><\/h3>\n\n\n\n<p>Marketing\/Seguimiento<\/p>\n\n\n\n<p>Consentimiento para el servicio Google reCAPTCHA.<\/p>\n\n\n\n<h3 class=\"wp-block-heading\"><strong>Google Maps<\/strong><\/h3>\n\n\n\n<p>Marketing\/Seguimiento<\/p>\n\n\n\n<p>Consentimiento para el servicio Google Maps.<\/p>\n\n\n\n<h3 class=\"wp-block-heading\"><strong>Varios<\/strong><\/h3>\n\n\n\n<p>Preferencias<\/p>\n\n\n\n<p>Consentimiento para el servicio Varios.<\/p>\n\n\n\n<h2 class=\"wp-block-heading\"><strong>7. Consentimiento<\/strong><\/h2>\n\n\n\n<p>Cuando visite nuestro sitio web por primera vez, le mostraremos una ventana emergente con una explicaci\u00f3n sobre las cookies. Tan pronto como haga clic en \u00abGuardar preferencias\u00bb, nos da su consentimiento para que utilicemos las categor\u00edas de cookies y plugins que haya seleccionado en la ventana emergente, tal y como se describe en esta Pol\u00edtica de cookies. Puede desactivar el uso de cookies a trav\u00e9s de su navegador, pero tenga en cuenta que nuestro sitio web podr\u00eda dejar de funcionar correctamente.<\/p>\n\n\n\n<p><strong>7.1 Gestionar la configuraci\u00f3n de su consentimiento<\/strong><\/p>\n\n\n\n<p>Funcional Siempre activo<\/p>\n\n\n\n<p>Marketing Marketing<\/p>\n\n\n\n<h2 class=\"wp-block-heading\"><strong>8. Activar\/desactivar y eliminar cookies<\/strong><\/h2>\n\n\n\n<p>Puede utilizar su navegador de Internet para eliminar las cookies de forma autom\u00e1tica o manual. Tambi\u00e9n puede especificar que no se instalen determinadas cookies. Otra opci\u00f3n es cambiar la configuraci\u00f3n de su navegador de Internet para que le aparezca un mensaje cada vez que se instale una cookie. Para obtener m\u00e1s informaci\u00f3n sobre estas opciones, consulte las instrucciones de la secci\u00f3n de ayuda de su navegador.<\/p>\n\n\n\n<p>Tenga en cuenta que nuestro sitio web puede no funcionar correctamente si se desactivan todas las cookies. Si elimina las cookies de su navegador, se volver\u00e1n a instalar con su consentimiento cuando vuelva a visitar nuestro sitio web.<\/p>\n\n\n\n<h2 class=\"wp-block-heading\"><strong>9. Sus derechos con respecto a los datos personales<\/strong><\/h2>\n\n\n\n<p>Usted tiene los siguientes derechos con respecto a sus datos personales:<\/p>\n\n\n\n<ul class=\"wp-block-list\">\n<li>Tiene derecho a saber por qu\u00e9 se necesitan sus datos personales, qu\u00e9 se har\u00e1 con ellos y durante cu\u00e1nto tiempo se conservar\u00e1n.<\/li>\n\n\n\n<li>Derecho de acceso: tiene derecho a acceder a los datos personales que tenemos sobre usted.<\/li>\n\n\n\n<li>Derecho de rectificaci\u00f3n: tiene derecho a completar, corregir, eliminar o bloquear sus datos personales cuando lo desee.<\/li>\n\n\n\n<li>Si nos da su consentimiento para tratar sus datos, tiene derecho a revocar dicho consentimiento y a que se eliminen sus datos personales.<\/li>\n\n\n\n<li>Derecho a transferir sus datos: tiene derecho a solicitar al responsable del tratamiento todos sus datos personales y a transferirlos en su totalidad a otro responsable del tratamiento.<\/li>\n\n\n\n<li>Derecho de oposici\u00f3n: puede oponerse al tratamiento de sus datos. Cumplimos con ello, salvo que existan motivos justificados para el tratamiento.<\/li>\n<\/ul>\n\n\n\n<p>Para ejercer estos derechos, p\u00f3ngase en contacto con nosotros. Consulte los datos de contacto que figuran al final de esta Pol\u00edtica de cookies. Si tiene alguna queja sobre c\u00f3mo tratamos sus datos, nos gustar\u00eda conocerla, pero tambi\u00e9n tiene derecho a presentar una reclamaci\u00f3n ante la autoridad de control (la Autoridad de Protecci\u00f3n de Datos).<\/p>\n\n\n\n<h2 class=\"wp-block-heading\"><strong>10. Datos de contacto<\/strong><\/h2>\n\n\n\n<p>Si tiene alguna pregunta o comentario sobre nuestra Pol\u00edtica de cookies y esta declaraci\u00f3n, p\u00f3ngase en contacto con nosotros utilizando los siguientes datos de contacto:<\/p>\n\n\n\n<p>Sally Kermath<\/p>\n\n\n\n<p>Crossafehin, Virginia Co Cavan<\/p>\n\n\n\n<p>Irlanda<\/p>\n\n\n\n<p>Sitio web: <a href=\"https:\/\/englishlanguagemadeeasy.com\/\"><u>https:\/\/englishlanguagemadeeasy.com<\/u><\/a><\/p>\n\n\n\n<p>Correo electr\u00f3nico: sally.elme@gmail.com<\/p>\n\n\n\n<p>N\u00famero de tel\u00e9fono: 00353 87 2792807<\/p>\n\n\n\n<p>Esta Pol\u00edtica de cookies se sincroniz\u00f3 con <a href=\"https:\/\/cookiedatabase.org\/\"><u>cookiedatabase.org<\/u><\/a> el 26 de marzo de 2021.<\/p>\n","protected":false},"excerpt":{"rendered":"<p>Esta Pol\u00edtica de cookies se actualiz\u00f3 por \u00faltima vez el 10 de abril de 2023 y se aplica a los ciudadanos y residentes legales permanentes del Espacio Econ\u00f3mico Europeo y Suiza. 1. Introducci\u00f3n Nuestro sitio web, https:\/\/englishlanguagemadeeasy.com (en adelante, \u00abel sitio web\u00bb) utiliza cookies y otras tecnolog\u00edas relacionadas (por comodidad, todas las tecnolog\u00edas se denominan [&hellip;]<\/p>\n","protected":false},"author":1,"featured_media":0,"parent":0,"menu_order":0,"comment_status":"closed","ping_status":"closed","template":"","meta":{"ocean_post_layout":"","ocean_both_sidebars_style":"","ocean_both_sidebars_content_width":0,"ocean_both_sidebars_sidebars_width":0,"ocean_sidebar":"","ocean_second_sidebar":"","ocean_disable_margins":"enable","ocean_add_body_class":"","ocean_shortcode_before_top_bar":"","ocean_shortcode_after_top_bar":"","ocean_shortcode_before_header":"","ocean_shortcode_after_header":"","ocean_has_shortcode":"","ocean_shortcode_after_title":"","ocean_shortcode_before_footer_widgets":"","ocean_shortcode_after_footer_widgets":"","ocean_shortcode_before_footer_bottom":"","ocean_shortcode_after_footer_bottom":"","ocean_display_top_bar":"default","ocean_display_header":"default","ocean_header_style":"","ocean_center_header_left_menu":"","ocean_custom_header_template":"","ocean_custom_logo":0,"ocean_custom_retina_logo":0,"ocean_custom_logo_max_width":0,"ocean_custom_logo_tablet_max_width":0,"ocean_custom_logo_mobile_max_width":0,"ocean_custom_logo_max_height":0,"ocean_custom_logo_tablet_max_height":0,"ocean_custom_logo_mobile_max_height":0,"ocean_header_custom_menu":"","ocean_menu_typo_font_family":"","ocean_menu_typo_font_subset":"","ocean_menu_typo_font_size":0,"ocean_menu_typo_font_size_tablet":0,"ocean_menu_typo_font_size_mobile":0,"ocean_menu_typo_font_size_unit":"px","ocean_menu_typo_font_weight":"","ocean_menu_typo_font_weight_tablet":"","ocean_menu_typo_font_weight_mobile":"","ocean_menu_typo_transform":"","ocean_menu_typo_transform_tablet":"","ocean_menu_typo_transform_mobile":"","ocean_menu_typo_line_height":0,"ocean_menu_typo_line_height_tablet":0,"ocean_menu_typo_line_height_mobile":0,"ocean_menu_typo_line_height_unit":"","ocean_menu_typo_spacing":0,"ocean_menu_typo_spacing_tablet":0,"ocean_menu_typo_spacing_mobile":0,"ocean_menu_typo_spacing_unit":"","ocean_menu_link_color":"","ocean_menu_link_color_hover":"","ocean_menu_link_color_active":"","ocean_menu_link_background":"","ocean_menu_link_hover_background":"","ocean_menu_link_active_background":"","ocean_menu_social_links_bg":"","ocean_menu_social_hover_links_bg":"","ocean_menu_social_links_color":"","ocean_menu_social_hover_links_color":"","ocean_disable_title":"default","ocean_disable_heading":"default","ocean_post_title":"","ocean_post_subheading":"","ocean_post_title_style":"","ocean_post_title_background_color":"","ocean_post_title_background":0,"ocean_post_title_bg_image_position":"","ocean_post_title_bg_image_attachment":"","ocean_post_title_bg_image_repeat":"","ocean_post_title_bg_image_size":"","ocean_post_title_height":0,"ocean_post_title_bg_overlay":0.5,"ocean_post_title_bg_overlay_color":"","ocean_disable_breadcrumbs":"default","ocean_breadcrumbs_color":"","ocean_breadcrumbs_separator_color":"","ocean_breadcrumbs_links_color":"","ocean_breadcrumbs_links_hover_color":"","ocean_display_footer_widgets":"default","ocean_display_footer_bottom":"default","ocean_custom_footer_template":"","footnotes":""},"class_list":["post-2909","page","type-page","status-publish","hentry","entry"],"yoast_head":"<!-- This site is optimized with the Yoast SEO plugin v27.0 - https:\/\/yoast.com\/product\/yoast-seo-wordpress\/ -->\n<title>Pol\u00edtica de cookies (UE) - ELME<\/title>\n<meta name=\"robots\" content=\"index, follow, max-snippet:-1, max-image-preview:large, max-video-preview:-1\" \/>\n<link rel=\"canonical\" href=\"https:\/\/englishlanguagemadeeasy.com\/es\/politica-de-cookies-ue\/\" \/>\n<meta property=\"og:locale\" content=\"es_ES\" \/>\n<meta property=\"og:type\" content=\"article\" \/>\n<meta property=\"og:title\" content=\"Pol\u00edtica de cookies (UE) - ELME\" \/>\n<meta property=\"og:description\" content=\"Esta Pol\u00edtica de cookies se actualiz\u00f3 por \u00faltima vez el 10 de abril de 2023 y se aplica a los ciudadanos y residentes legales permanentes del Espacio Econ\u00f3mico Europeo y Suiza. 1. Introducci\u00f3n Nuestro sitio web, https:\/\/englishlanguagemadeeasy.com (en adelante, \u00abel sitio web\u00bb) utiliza cookies y otras tecnolog\u00edas relacionadas (por comodidad, todas las tecnolog\u00edas se denominan [&hellip;]\" \/>\n<meta property=\"og:url\" content=\"https:\/\/englishlanguagemadeeasy.com\/es\/politica-de-cookies-ue\/\" \/>\n<meta property=\"og:site_name\" content=\"ELME\" \/>\n<meta property=\"article:modified_time\" content=\"2025-07-03T11:56:12+00:00\" \/>\n<meta name=\"twitter:card\" content=\"summary_large_image\" \/>\n<meta name=\"twitter:label1\" content=\"Tiempo de lectura\" \/>\n\t<meta name=\"twitter:data1\" content=\"5 minutos\" \/>\n<!-- \/ Yoast SEO plugin. -->","yoast_head_json":{"title":"Pol\u00edtica de cookies (UE) - ELME","robots":{"index":"index","follow":"follow","max-snippet":"max-snippet:-1","max-image-preview":"max-image-preview:large","max-video-preview":"max-video-preview:-1"},"canonical":"https:\/\/englishlanguagemadeeasy.com\/es\/politica-de-cookies-ue\/","og_locale":"es_ES","og_type":"article","og_title":"Pol\u00edtica de cookies (UE) - ELME","og_description":"Esta Pol\u00edtica de cookies se actualiz\u00f3 por \u00faltima vez el 10 de abril de 2023 y se aplica a los ciudadanos y residentes legales permanentes del Espacio Econ\u00f3mico Europeo y Suiza. 1. Introducci\u00f3n Nuestro sitio web, https:\/\/englishlanguagemadeeasy.com (en adelante, \u00abel sitio web\u00bb) utiliza cookies y otras tecnolog\u00edas relacionadas (por comodidad, todas las tecnolog\u00edas se denominan [&hellip;]","og_url":"https:\/\/englishlanguagemadeeasy.com\/es\/politica-de-cookies-ue\/","og_site_name":"ELME","article_modified_time":"2025-07-03T11:56:12+00:00","twitter_card":"summary_large_image","twitter_misc":{"Tiempo de lectura":"5 minutos"},"schema":{"@context":"https:\/\/schema.org","@graph":[{"@type":"WebPage","@id":"https:\/\/englishlanguagemadeeasy.com\/es\/politica-de-cookies-ue\/","url":"https:\/\/englishlanguagemadeeasy.com\/es\/politica-de-cookies-ue\/","name":"Pol\u00edtica de cookies (UE) - ELME","isPartOf":{"@id":"https:\/\/englishlanguagemadeeasy.com\/es\/#website"},"datePublished":"2025-07-03T11:54:53+00:00","dateModified":"2025-07-03T11:56:12+00:00","breadcrumb":{"@id":"https:\/\/englishlanguagemadeeasy.com\/es\/politica-de-cookies-ue\/#breadcrumb"},"inLanguage":"es","potentialAction":[{"@type":"ReadAction","target":["https:\/\/englishlanguagemadeeasy.com\/es\/politica-de-cookies-ue\/"]}]},{"@type":"BreadcrumbList","@id":"https:\/\/englishlanguagemadeeasy.com\/es\/politica-de-cookies-ue\/#breadcrumb","itemListElement":[{"@type":"ListItem","position":1,"name":"Home","item":"https:\/\/englishlanguagemadeeasy.com\/es\/inicio\/"},{"@type":"ListItem","position":2,"name":"Pol\u00edtica de cookies (UE)"}]},{"@type":"WebSite","@id":"https:\/\/englishlanguagemadeeasy.com\/es\/#website","url":"https:\/\/englishlanguagemadeeasy.com\/es\/","name":"https:\/\/englishlanguagemadeeasy.com\/","description":"English Language Made Easy","publisher":{"@id":"https:\/\/englishlanguagemadeeasy.com\/es\/#organization"},"potentialAction":[{"@type":"SearchAction","target":{"@type":"EntryPoint","urlTemplate":"https:\/\/englishlanguagemadeeasy.com\/es\/?s={search_term_string}"},"query-input":{"@type":"PropertyValueSpecification","valueRequired":true,"valueName":"search_term_string"}}],"inLanguage":"es"},{"@type":"Organization","@id":"https:\/\/englishlanguagemadeeasy.com\/es\/#organization","name":"English Language Made Easy","url":"https:\/\/englishlanguagemadeeasy.com\/es\/","logo":{"@type":"ImageObject","inLanguage":"es","@id":"https:\/\/englishlanguagemadeeasy.com\/es\/#\/schema\/logo\/image\/","url":"https:\/\/englishlanguagemadeeasy.com\/wp-content\/uploads\/2021\/03\/cropped-LOGO.png","contentUrl":"https:\/\/englishlanguagemadeeasy.com\/wp-content\/uploads\/2021\/03\/cropped-LOGO.png","width":252,"height":178,"caption":"English Language Made Easy"},"image":{"@id":"https:\/\/englishlanguagemadeeasy.com\/es\/#\/schema\/logo\/image\/"}}]}},"_links":{"self":[{"href":"https:\/\/englishlanguagemadeeasy.com\/es\/wp-json\/wp\/v2\/pages\/2909","targetHints":{"allow":["GET"]}}],"collection":[{"href":"https:\/\/englishlanguagemadeeasy.com\/es\/wp-json\/wp\/v2\/pages"}],"about":[{"href":"https:\/\/englishlanguagemadeeasy.com\/es\/wp-json\/wp\/v2\/types\/page"}],"author":[{"embeddable":true,"href":"https:\/\/englishlanguagemadeeasy.com\/es\/wp-json\/wp\/v2\/users\/1"}],"replies":[{"embeddable":true,"href":"https:\/\/englishlanguagemadeeasy.com\/es\/wp-json\/wp\/v2\/comments?post=2909"}],"version-history":[{"count":2,"href":"https:\/\/englishlanguagemadeeasy.com\/es\/wp-json\/wp\/v2\/pages\/2909\/revisions"}],"predecessor-version":[{"id":2911,"href":"https:\/\/englishlanguagemadeeasy.com\/es\/wp-json\/wp\/v2\/pages\/2909\/revisions\/2911"}],"wp:attachment":[{"href":"https:\/\/englishlanguagemadeeasy.com\/es\/wp-json\/wp\/v2\/media?parent=2909"}],"curies":[{"name":"wp","href":"https:\/\/api.w.org\/{rel}","templated":true}]}}