{"id":1407,"date":"2021-04-02T12:40:02","date_gmt":"2021-04-02T12:40:02","guid":{"rendered":"https:\/\/englishlanguagemadeeasy.com\/ano-academico\/"},"modified":"2025-06-25T17:45:19","modified_gmt":"2025-06-25T17:45:19","slug":"ano-academico","status":"publish","type":"page","link":"https:\/\/englishlanguagemadeeasy.com\/es\/ano-academico\/","title":{"rendered":"A\u00d1O ACADEMICO"},"content":{"rendered":"\t\t<div data-elementor-type=\"wp-page\" data-elementor-id=\"1407\" class=\"elementor elementor-1407\">\n\t\t\t\t\t\t<section class=\"elementor-section elementor-top-section elementor-element elementor-element-303db14 elementor-section-boxed elementor-section-height-default elementor-section-height-default\" data-id=\"303db14\" data-element_type=\"section\" data-e-type=\"section\">\n\t\t\t\t\t\t<div class=\"elementor-container elementor-column-gap-default\">\n\t\t\t\t\t<div class=\"elementor-column elementor-col-100 elementor-top-column elementor-element elementor-element-df835df\" data-id=\"df835df\" data-element_type=\"column\" data-e-type=\"column\">\n\t\t\t<div class=\"elementor-widget-wrap elementor-element-populated\">\n\t\t\t\t\t\t<div class=\"elementor-element elementor-element-25d74a5 elementor-widget elementor-widget-spacer\" data-id=\"25d74a5\" data-element_type=\"widget\" data-e-type=\"widget\" data-widget_type=\"spacer.default\">\n\t\t\t\t<div class=\"elementor-widget-container\">\n\t\t\t\t\t\t\t<div class=\"elementor-spacer\">\n\t\t\t<div class=\"elementor-spacer-inner\"><\/div>\n\t\t<\/div>\n\t\t\t\t\t\t<\/div>\n\t\t\t\t<\/div>\n\t\t\t\t\t<\/div>\n\t\t<\/div>\n\t\t\t\t\t<\/div>\n\t\t<\/section>\n\t\t\t\t<section class=\"elementor-section elementor-top-section elementor-element elementor-element-975b553 elementor-section-boxed elementor-section-height-default elementor-section-height-default\" data-id=\"975b553\" data-element_type=\"section\" data-e-type=\"section\">\n\t\t\t\t\t\t<div class=\"elementor-container elementor-column-gap-default\">\n\t\t\t\t\t<div class=\"elementor-column elementor-col-100 elementor-top-column elementor-element elementor-element-ae8df22\" data-id=\"ae8df22\" data-element_type=\"column\" data-e-type=\"column\">\n\t\t\t<div class=\"elementor-widget-wrap elementor-element-populated\">\n\t\t\t\t\t\t<div class=\"elementor-element elementor-element-0ab0dc2 elementor-widget elementor-widget-heading\" data-id=\"0ab0dc2\" data-element_type=\"widget\" data-e-type=\"widget\" data-widget_type=\"heading.default\">\n\t\t\t\t<div class=\"elementor-widget-container\">\n\t\t\t\t\t<h1 class=\"elementor-heading-title elementor-size-large\">A\u00d1O ACADEMICO CON ALOJAMIENTO EN FAMILIA<\/h1>\t\t\t\t<\/div>\n\t\t\t\t<\/div>\n\t\t\t\t\t<\/div>\n\t\t<\/div>\n\t\t\t\t\t<\/div>\n\t\t<\/section>\n\t\t\t\t<section class=\"elementor-section elementor-top-section elementor-element elementor-element-30d155e elementor-section-boxed elementor-section-height-default elementor-section-height-default\" data-id=\"30d155e\" data-element_type=\"section\" data-e-type=\"section\">\n\t\t\t\t\t\t<div class=\"elementor-container elementor-column-gap-default\">\n\t\t\t\t\t<div class=\"elementor-column elementor-col-100 elementor-top-column elementor-element elementor-element-591c8e5\" data-id=\"591c8e5\" data-element_type=\"column\" data-e-type=\"column\">\n\t\t\t<div class=\"elementor-widget-wrap elementor-element-populated\">\n\t\t\t\t\t\t<div class=\"elementor-element elementor-element-3ba5286 elementor-widget elementor-widget-spacer\" data-id=\"3ba5286\" data-element_type=\"widget\" data-e-type=\"widget\" data-widget_type=\"spacer.default\">\n\t\t\t\t<div class=\"elementor-widget-container\">\n\t\t\t\t\t\t\t<div class=\"elementor-spacer\">\n\t\t\t<div class=\"elementor-spacer-inner\"><\/div>\n\t\t<\/div>\n\t\t\t\t\t\t<\/div>\n\t\t\t\t<\/div>\n\t\t\t\t\t<\/div>\n\t\t<\/div>\n\t\t\t\t\t<\/div>\n\t\t<\/section>\n\t\t\t\t<section class=\"elementor-section elementor-top-section elementor-element elementor-element-ccbf0b6 elementor-section-boxed elementor-section-height-default elementor-section-height-default\" data-id=\"ccbf0b6\" data-element_type=\"section\" data-e-type=\"section\">\n\t\t\t\t\t\t<div class=\"elementor-container elementor-column-gap-default\">\n\t\t\t\t\t<div class=\"elementor-column elementor-col-100 elementor-top-column elementor-element elementor-element-5b77e76\" data-id=\"5b77e76\" data-element_type=\"column\" data-e-type=\"column\">\n\t\t\t<div class=\"elementor-widget-wrap elementor-element-populated\">\n\t\t\t\t\t\t<div class=\"elementor-element elementor-element-709e41e elementor-widget elementor-widget-image\" data-id=\"709e41e\" data-element_type=\"widget\" data-e-type=\"widget\" data-widget_type=\"image.default\">\n\t\t\t\t<div class=\"elementor-widget-container\">\n\t\t\t\t\t\t\t\t\t\t\t\t\t\t\t<img fetchpriority=\"high\" decoding=\"async\" width=\"768\" height=\"432\" src=\"https:\/\/englishlanguagemadeeasy.com\/wp-content\/uploads\/2023\/08\/Classroom-768x432.jpeg\" class=\"attachment-medium_large size-medium_large wp-image-2246\" alt=\"\" srcset=\"https:\/\/englishlanguagemadeeasy.com\/wp-content\/uploads\/2023\/08\/Classroom-768x432.jpeg 768w, https:\/\/englishlanguagemadeeasy.com\/wp-content\/uploads\/2023\/08\/Classroom-300x169.jpeg 300w, https:\/\/englishlanguagemadeeasy.com\/wp-content\/uploads\/2023\/08\/Classroom.jpeg 800w\" sizes=\"(max-width: 768px) 100vw, 768px\" \/>\t\t\t\t\t\t\t\t\t\t\t\t\t\t\t<\/div>\n\t\t\t\t<\/div>\n\t\t\t\t\t<\/div>\n\t\t<\/div>\n\t\t\t\t\t<\/div>\n\t\t<\/section>\n\t\t\t\t<section class=\"elementor-section elementor-top-section elementor-element elementor-element-ec26ba3 elementor-section-boxed elementor-section-height-default elementor-section-height-default\" data-id=\"ec26ba3\" data-element_type=\"section\" data-e-type=\"section\">\n\t\t\t\t\t\t<div class=\"elementor-container elementor-column-gap-default\">\n\t\t\t\t\t<div class=\"elementor-column elementor-col-100 elementor-top-column elementor-element elementor-element-32634ef\" data-id=\"32634ef\" data-element_type=\"column\" data-e-type=\"column\">\n\t\t\t<div class=\"elementor-widget-wrap elementor-element-populated\">\n\t\t\t\t\t\t<div class=\"elementor-element elementor-element-e720486 elementor-widget elementor-widget-heading\" data-id=\"e720486\" data-element_type=\"widget\" data-e-type=\"widget\" data-widget_type=\"heading.default\">\n\t\t\t\t<div class=\"elementor-widget-container\">\n\t\t\t\t\t<h2 class=\"elementor-heading-title elementor-size-default\">A\u00d1O ACADEMICO<\/h2>\t\t\t\t<\/div>\n\t\t\t\t<\/div>\n\t\t\t\t<div class=\"elementor-element elementor-element-c2b255f elementor-widget elementor-widget-text-editor\" data-id=\"c2b255f\" data-element_type=\"widget\" data-e-type=\"widget\" data-widget_type=\"text-editor.default\">\n\t\t\t\t<div class=\"elementor-widget-container\">\n\t\t\t\t\t\t\t\t\t<p>El principal objetivo de nuestro programa es que los estudiantes vivan una grata experiencia,<br \/>\nconviviendo con una familia de acogida que les trate como un miembro m\u00e1s de la misma. El<br \/>\nestudiante practicar\u00e1 una absoluta inmersi\u00f3n en el ingl\u00e9s y la cultura irlandesa. Garantizamos que<br \/>\nen la familia no habr\u00e1 otra persona de la misma nacionalidad que el estudiante.<br \/>\nNuestras familias tratar\u00e1n a los estudiantes como les gustar\u00eda que sus hijos fueran tratados si ellos<br \/>\nestuvieran en otro pa\u00eds. El estudiante participar\u00e1 de las actividades familiares y har\u00e1 las comidas con<br \/>\nel resto de la familia. Animamos a las familias a incluir a los estudiantes en sus rutinas diarias y a<br \/>\nparticipar en cualquier otra actividad que practiquen: juegos de mesa, cocina, viajes, etc.<br \/>\nTenemos establecida una red de colegios locales con los que mantenemos una excelente relaci\u00f3n. El<br \/>\nestudiante asistir\u00e1 a clase de lunes a viernes, de 9 de la ma\u00f1ana a 4 de la tarde aproximadamente. A<br \/>\nlo largo del d\u00eda, el estudiante tendr\u00e1 dos recreos, uno de 20 minutos a las 11 am aproximadamente y<br \/>\notro de unos 40 minutos, sobre la 1 pm. Las clases normalmente duran una hora y se imparten 6<br \/>\nasignaturas cada d\u00eda. Los estudiantes asistir\u00e1n a clases de Ingl\u00e9s, Historia, Geograf\u00eda, Matem\u00e1tics,<br \/>\nEducaci\u00f3n F\u00edsica, Econom\u00eda del Hogar y otras asignaturas pr\u00e1cticas.<\/p>\n\t\t\t\t\t\t\t\t<\/div>\n\t\t\t\t<\/div>\n\t\t\t\t<div class=\"elementor-element elementor-element-e6bc5c6 elementor-widget elementor-widget-heading\" data-id=\"e6bc5c6\" data-element_type=\"widget\" data-e-type=\"widget\" data-widget_type=\"heading.default\">\n\t\t\t\t<div class=\"elementor-widget-container\">\n\t\t\t\t\t<h2 class=\"elementor-heading-title elementor-size-default\">Ubicaci\u00f3n<\/h2>\t\t\t\t<\/div>\n\t\t\t\t<\/div>\n\t\t\t\t<div class=\"elementor-element elementor-element-1342571 elementor-widget elementor-widget-text-editor\" data-id=\"1342571\" data-element_type=\"widget\" data-e-type=\"widget\" data-widget_type=\"text-editor.default\">\n\t\t\t\t<div class=\"elementor-widget-container\">\n\t\t\t\t\t\t\t\t\t<p>Los estudiantes ser\u00e1n alojados en las inmediaciones de Virginia, en el condado de Cavan. Hemos establecido una red de escuelas locales con las que mantenemos una excelente relaci\u00f3n directa. Esta zona es uno de los muchos encantos de Irlanda, escondida entre los hermosos lagos y verdes colinas del condado de Cavan.<\/p>\t\t\t\t\t\t\t\t<\/div>\n\t\t\t\t<\/div>\n\t\t\t\t<div class=\"elementor-element elementor-element-ae5c5bf elementor-widget elementor-widget-image\" data-id=\"ae5c5bf\" data-element_type=\"widget\" data-e-type=\"widget\" data-widget_type=\"image.default\">\n\t\t\t\t<div class=\"elementor-widget-container\">\n\t\t\t\t\t\t\t\t\t\t\t\t\t\t\t<img decoding=\"async\" width=\"768\" height=\"442\" src=\"https:\/\/englishlanguagemadeeasy.com\/wp-content\/uploads\/2023\/08\/Soccer-game-768x442.jpeg\" class=\"attachment-medium_large size-medium_large wp-image-2250\" alt=\"\" srcset=\"https:\/\/englishlanguagemadeeasy.com\/wp-content\/uploads\/2023\/08\/Soccer-game-768x442.jpeg 768w, https:\/\/englishlanguagemadeeasy.com\/wp-content\/uploads\/2023\/08\/Soccer-game-300x173.jpeg 300w, https:\/\/englishlanguagemadeeasy.com\/wp-content\/uploads\/2023\/08\/Soccer-game.jpeg 800w\" sizes=\"(max-width: 768px) 100vw, 768px\" \/>\t\t\t\t\t\t\t\t\t\t\t\t\t\t\t<\/div>\n\t\t\t\t<\/div>\n\t\t\t\t<div class=\"elementor-element elementor-element-74491a3 elementor-widget elementor-widget-heading\" data-id=\"74491a3\" data-element_type=\"widget\" data-e-type=\"widget\" data-widget_type=\"heading.default\">\n\t\t\t\t<div class=\"elementor-widget-container\">\n\t\t\t\t\t<h2 class=\"elementor-heading-title elementor-size-default\">Familias anfitrionas<\/h2>\t\t\t\t<\/div>\n\t\t\t\t<\/div>\n\t\t\t\t<div class=\"elementor-element elementor-element-5580ecb elementor-widget elementor-widget-text-editor\" data-id=\"5580ecb\" data-element_type=\"widget\" data-e-type=\"widget\" data-widget_type=\"text-editor.default\">\n\t\t\t\t<div class=\"elementor-widget-container\">\n\t\t\t\t\t\t\t\t\t<p>Se presta especial atenci\u00f3n a la selecci\u00f3n de todas nuestras familias anfitrionas. Todas las familias anfitrionas han sido investigadas por la polic\u00eda y son conocidas personalmente por nuestra organizaci\u00f3n. Damos mucha importancia a que los estudiantes se sientan bienvenidos y cuidados. Nuestras familias se comprometen a crear un \u00abhogar lejos del hogar\u00bb para los estudiantes. Se anima a las familias a integrar a los estudiantes en su vida cotidiana con actividades al aire libre, juegos de mesa, reposter\u00eda, cocina, celebraciones familiares, excursiones, salidas o cualquier otra actividad que suelan realizar en familia.<br \/>No colocamos a dos estudiantes de la misma nacionalidad en la misma familia de acogida ni colocamos a estudiantes en familias que ya acogen a un estudiante de otra agencia.<\/p>\t\t\t\t\t\t\t\t<\/div>\n\t\t\t\t<\/div>\n\t\t\t\t<div class=\"elementor-element elementor-element-e27456d elementor-widget elementor-widget-heading\" data-id=\"e27456d\" data-element_type=\"widget\" data-e-type=\"widget\" data-widget_type=\"heading.default\">\n\t\t\t\t<div class=\"elementor-widget-container\">\n\t\t\t\t\t<h2 class=\"elementor-heading-title elementor-size-default\">Vida Escolar<\/h2>\t\t\t\t<\/div>\n\t\t\t\t<\/div>\n\t\t\t\t<div class=\"elementor-element elementor-element-06c2f0a elementor-widget elementor-widget-text-editor\" data-id=\"06c2f0a\" data-element_type=\"widget\" data-e-type=\"widget\" data-widget_type=\"text-editor.default\">\n\t\t\t\t<div class=\"elementor-widget-container\">\n\t\t\t\t\t\t\t\t\t<p>El alumno asistir\u00e1 a la escuela de lunes a viernes, de 9:00 a 16:00 aproximadamente. Los alumnos tienen dos descansos: el primero de aproximadamente 20 minutos alrededor de las 11:00 y el segundo de aproximadamente 40 minutos alrededor de las 13:00. Las clases suelen durar 60 minutos y se imparten 6 asignaturas al d\u00eda. El plan de estudios irland\u00e9s sigue y cumple el marco general de la UE para la educaci\u00f3n secundaria.<\/p>\t\t\t\t\t\t\t\t<\/div>\n\t\t\t\t<\/div>\n\t\t\t\t<div class=\"elementor-element elementor-element-0b56285 elementor-widget elementor-widget-heading\" data-id=\"0b56285\" data-element_type=\"widget\" data-e-type=\"widget\" data-widget_type=\"heading.default\">\n\t\t\t\t<div class=\"elementor-widget-container\">\n\t\t\t\t\t<h2 class=\"elementor-heading-title elementor-size-default\">Nuestro Compromiso<\/h2>\t\t\t\t<\/div>\n\t\t\t\t<\/div>\n\t\t\t\t<div class=\"elementor-element elementor-element-79c1f43 elementor-widget elementor-widget-text-editor\" data-id=\"79c1f43\" data-element_type=\"widget\" data-e-type=\"widget\" data-widget_type=\"text-editor.default\">\n\t\t\t\t<div class=\"elementor-widget-container\">\n\t\t\t\t\t\t\t\t\t<p>Nos comprometemos a brindar a cada estudiante la atenci\u00f3n y el apoyo que necesita para disfrutar realmente de su estancia en Irlanda y vivir la mejor y m\u00e1s gratificante experiencia posible. Nos comprometemos a mantener una total transparencia y una comunicaci\u00f3n abierta entre todas las partes.<\/p>\t\t\t\t\t\t\t\t<\/div>\n\t\t\t\t<\/div>\n\t\t\t\t\t<\/div>\n\t\t<\/div>\n\t\t\t\t\t<\/div>\n\t\t<\/section>\n\t\t\t\t<section class=\"elementor-section elementor-top-section elementor-element elementor-element-833d88d elementor-section-boxed elementor-section-height-default elementor-section-height-default\" data-id=\"833d88d\" data-element_type=\"section\" data-e-type=\"section\">\n\t\t\t\t\t\t<div class=\"elementor-container elementor-column-gap-default\">\n\t\t\t\t\t<div class=\"elementor-column elementor-col-100 elementor-top-column elementor-element elementor-element-f48d02f\" data-id=\"f48d02f\" data-element_type=\"column\" data-e-type=\"column\">\n\t\t\t<div class=\"elementor-widget-wrap elementor-element-populated\">\n\t\t\t\t\t\t<div class=\"elementor-element elementor-element-6477693 elementor-widget elementor-widget-heading\" data-id=\"6477693\" data-element_type=\"widget\" data-e-type=\"widget\" data-widget_type=\"heading.default\">\n\t\t\t\t<div class=\"elementor-widget-container\">\n\t\t\t\t\t<h2 class=\"elementor-heading-title elementor-size-default\">Formulario de solicitud<\/h2>\t\t\t\t<\/div>\n\t\t\t\t<\/div>\n\t\t\t\t<div class=\"elementor-element elementor-element-fa02db8 elementor-widget elementor-widget-text-editor\" data-id=\"fa02db8\" data-element_type=\"widget\" data-e-type=\"widget\" data-widget_type=\"text-editor.default\">\n\t\t\t\t<div class=\"elementor-widget-container\">\n\t\t\t\t\t\t\t\t\t<p><a href=\"https:\/\/docs.google.com\/forms\/d\/e\/1FAIpQLSfx41g9yflDscdf7rxKIZiFbacShPirqmesEm3UqmySPOe7kw\/viewform?usp=sf_link\">Solic\u00edtalo aqu\u00ed<\/a><\/p>\t\t\t\t\t\t\t\t<\/div>\n\t\t\t\t<\/div>\n\t\t\t\t\t<\/div>\n\t\t<\/div>\n\t\t\t\t\t<\/div>\n\t\t<\/section>\n\t\t\t\t<\/div>\n\t\t","protected":false},"excerpt":{"rendered":"<p>A\u00d1O ACADEMICO CON ALOJAMIENTO EN FAMILIA A\u00d1O ACADEMICO El principal objetivo de nuestro programa es que los estudiantes vivan una grata experiencia, conviviendo con una familia de acogida que les trate como un miembro m\u00e1s de la misma. El estudiante practicar\u00e1 una absoluta inmersi\u00f3n en el ingl\u00e9s y la cultura irlandesa. Garantizamos que en la [&hellip;]<\/p>\n","protected":false},"author":1,"featured_media":0,"parent":0,"menu_order":0,"comment_status":"closed","ping_status":"closed","template":"","meta":{"ocean_post_layout":"full-screen","ocean_both_sidebars_style":"","ocean_both_sidebars_content_width":0,"ocean_both_sidebars_sidebars_width":0,"ocean_sidebar":"0","ocean_second_sidebar":"0","ocean_disable_margins":"enable","ocean_add_body_class":"","ocean_shortcode_before_top_bar":"","ocean_shortcode_after_top_bar":"","ocean_shortcode_before_header":"","ocean_shortcode_after_header":"","ocean_has_shortcode":"","ocean_shortcode_after_title":"","ocean_shortcode_before_footer_widgets":"","ocean_shortcode_after_footer_widgets":"","ocean_shortcode_before_footer_bottom":"","ocean_shortcode_after_footer_bottom":"","ocean_display_top_bar":"default","ocean_display_header":"default","ocean_header_style":"","ocean_center_header_left_menu":"0","ocean_custom_header_template":"0","ocean_custom_logo":0,"ocean_custom_retina_logo":0,"ocean_custom_logo_max_width":0,"ocean_custom_logo_tablet_max_width":0,"ocean_custom_logo_mobile_max_width":0,"ocean_custom_logo_max_height":0,"ocean_custom_logo_tablet_max_height":0,"ocean_custom_logo_mobile_max_height":0,"ocean_header_custom_menu":"0","ocean_menu_typo_font_family":"0","ocean_menu_typo_font_subset":"","ocean_menu_typo_font_size":0,"ocean_menu_typo_font_size_tablet":0,"ocean_menu_typo_font_size_mobile":0,"ocean_menu_typo_font_size_unit":"px","ocean_menu_typo_font_weight":"","ocean_menu_typo_font_weight_tablet":"","ocean_menu_typo_font_weight_mobile":"","ocean_menu_typo_transform":"","ocean_menu_typo_transform_tablet":"","ocean_menu_typo_transform_mobile":"","ocean_menu_typo_line_height":0,"ocean_menu_typo_line_height_tablet":0,"ocean_menu_typo_line_height_mobile":0,"ocean_menu_typo_line_height_unit":"","ocean_menu_typo_spacing":0,"ocean_menu_typo_spacing_tablet":0,"ocean_menu_typo_spacing_mobile":0,"ocean_menu_typo_spacing_unit":"","ocean_menu_link_color":"","ocean_menu_link_color_hover":"","ocean_menu_link_color_active":"","ocean_menu_link_background":"","ocean_menu_link_hover_background":"","ocean_menu_link_active_background":"","ocean_menu_social_links_bg":"","ocean_menu_social_hover_links_bg":"","ocean_menu_social_links_color":"","ocean_menu_social_hover_links_color":"","ocean_disable_title":"on","ocean_disable_heading":"default","ocean_post_title":"","ocean_post_subheading":"","ocean_post_title_style":"","ocean_post_title_background_color":"","ocean_post_title_background":0,"ocean_post_title_bg_image_position":"","ocean_post_title_bg_image_attachment":"","ocean_post_title_bg_image_repeat":"","ocean_post_title_bg_image_size":"","ocean_post_title_height":0,"ocean_post_title_bg_overlay":0.5,"ocean_post_title_bg_overlay_color":"","ocean_disable_breadcrumbs":"default","ocean_breadcrumbs_color":"","ocean_breadcrumbs_separator_color":"","ocean_breadcrumbs_links_color":"","ocean_breadcrumbs_links_hover_color":"","ocean_display_footer_widgets":"default","ocean_display_footer_bottom":"default","ocean_custom_footer_template":"0","footnotes":""},"class_list":["post-1407","page","type-page","status-publish","hentry","entry"],"yoast_head":"<!-- This site is optimized with the Yoast SEO plugin v27.0 - https:\/\/yoast.com\/product\/yoast-seo-wordpress\/ -->\n<title>A\u00d1O ACADEMICO - ELME<\/title>\n<meta name=\"robots\" content=\"index, follow, max-snippet:-1, max-image-preview:large, max-video-preview:-1\" \/>\n<link rel=\"canonical\" href=\"https:\/\/englishlanguagemadeeasy.com\/es\/ano-academico\/\" \/>\n<meta property=\"og:locale\" content=\"es_ES\" \/>\n<meta property=\"og:type\" content=\"article\" \/>\n<meta property=\"og:title\" content=\"A\u00d1O ACADEMICO - ELME\" \/>\n<meta property=\"og:description\" content=\"A\u00d1O ACADEMICO CON ALOJAMIENTO EN FAMILIA A\u00d1O ACADEMICO El principal objetivo de nuestro programa es que los estudiantes vivan una grata experiencia, conviviendo con una familia de acogida que les trate como un miembro m\u00e1s de la misma. El estudiante practicar\u00e1 una absoluta inmersi\u00f3n en el ingl\u00e9s y la cultura irlandesa. Garantizamos que en la [&hellip;]\" \/>\n<meta property=\"og:url\" content=\"https:\/\/englishlanguagemadeeasy.com\/es\/ano-academico\/\" \/>\n<meta property=\"og:site_name\" content=\"ELME\" \/>\n<meta property=\"article:modified_time\" content=\"2025-06-25T17:45:19+00:00\" \/>\n<meta property=\"og:image\" content=\"https:\/\/englishlanguagemadeeasy.com\/wp-content\/uploads\/2023\/08\/Classroom.jpeg\" \/>\n\t<meta property=\"og:image:width\" content=\"800\" \/>\n\t<meta property=\"og:image:height\" content=\"450\" \/>\n\t<meta property=\"og:image:type\" content=\"image\/jpeg\" \/>\n<meta name=\"twitter:card\" content=\"summary_large_image\" \/>\n<meta name=\"twitter:label1\" content=\"Tiempo de lectura\" \/>\n\t<meta name=\"twitter:data1\" content=\"3 minutos\" \/>\n<!-- \/ Yoast SEO plugin. -->","yoast_head_json":{"title":"A\u00d1O ACADEMICO - ELME","robots":{"index":"index","follow":"follow","max-snippet":"max-snippet:-1","max-image-preview":"max-image-preview:large","max-video-preview":"max-video-preview:-1"},"canonical":"https:\/\/englishlanguagemadeeasy.com\/es\/ano-academico\/","og_locale":"es_ES","og_type":"article","og_title":"A\u00d1O ACADEMICO - ELME","og_description":"A\u00d1O ACADEMICO CON ALOJAMIENTO EN FAMILIA A\u00d1O ACADEMICO El principal objetivo de nuestro programa es que los estudiantes vivan una grata experiencia, conviviendo con una familia de acogida que les trate como un miembro m\u00e1s de la misma. El estudiante practicar\u00e1 una absoluta inmersi\u00f3n en el ingl\u00e9s y la cultura irlandesa. Garantizamos que en la [&hellip;]","og_url":"https:\/\/englishlanguagemadeeasy.com\/es\/ano-academico\/","og_site_name":"ELME","article_modified_time":"2025-06-25T17:45:19+00:00","og_image":[{"width":800,"height":450,"url":"https:\/\/englishlanguagemadeeasy.com\/wp-content\/uploads\/2023\/08\/Classroom.jpeg","type":"image\/jpeg"}],"twitter_card":"summary_large_image","twitter_misc":{"Tiempo de lectura":"3 minutos"},"schema":{"@context":"https:\/\/schema.org","@graph":[{"@type":"WebPage","@id":"https:\/\/englishlanguagemadeeasy.com\/es\/ano-academico\/","url":"https:\/\/englishlanguagemadeeasy.com\/es\/ano-academico\/","name":"A\u00d1O ACADEMICO - ELME","isPartOf":{"@id":"https:\/\/englishlanguagemadeeasy.com\/es\/#website"},"primaryImageOfPage":{"@id":"https:\/\/englishlanguagemadeeasy.com\/es\/ano-academico\/#primaryimage"},"image":{"@id":"https:\/\/englishlanguagemadeeasy.com\/es\/ano-academico\/#primaryimage"},"thumbnailUrl":"https:\/\/englishlanguagemadeeasy.com\/wp-content\/uploads\/2023\/08\/Classroom-768x432.jpeg","datePublished":"2021-04-02T12:40:02+00:00","dateModified":"2025-06-25T17:45:19+00:00","breadcrumb":{"@id":"https:\/\/englishlanguagemadeeasy.com\/es\/ano-academico\/#breadcrumb"},"inLanguage":"es","potentialAction":[{"@type":"ReadAction","target":["https:\/\/englishlanguagemadeeasy.com\/es\/ano-academico\/"]}]},{"@type":"ImageObject","inLanguage":"es","@id":"https:\/\/englishlanguagemadeeasy.com\/es\/ano-academico\/#primaryimage","url":"https:\/\/englishlanguagemadeeasy.com\/wp-content\/uploads\/2023\/08\/Classroom-768x432.jpeg","contentUrl":"https:\/\/englishlanguagemadeeasy.com\/wp-content\/uploads\/2023\/08\/Classroom-768x432.jpeg"},{"@type":"BreadcrumbList","@id":"https:\/\/englishlanguagemadeeasy.com\/es\/ano-academico\/#breadcrumb","itemListElement":[{"@type":"ListItem","position":1,"name":"Home","item":"https:\/\/englishlanguagemadeeasy.com\/es\/inicio\/"},{"@type":"ListItem","position":2,"name":"A\u00d1O ACADEMICO"}]},{"@type":"WebSite","@id":"https:\/\/englishlanguagemadeeasy.com\/es\/#website","url":"https:\/\/englishlanguagemadeeasy.com\/es\/","name":"https:\/\/englishlanguagemadeeasy.com\/","description":"English Language Made Easy","publisher":{"@id":"https:\/\/englishlanguagemadeeasy.com\/es\/#organization"},"potentialAction":[{"@type":"SearchAction","target":{"@type":"EntryPoint","urlTemplate":"https:\/\/englishlanguagemadeeasy.com\/es\/?s={search_term_string}"},"query-input":{"@type":"PropertyValueSpecification","valueRequired":true,"valueName":"search_term_string"}}],"inLanguage":"es"},{"@type":"Organization","@id":"https:\/\/englishlanguagemadeeasy.com\/es\/#organization","name":"English Language Made Easy","url":"https:\/\/englishlanguagemadeeasy.com\/es\/","logo":{"@type":"ImageObject","inLanguage":"es","@id":"https:\/\/englishlanguagemadeeasy.com\/es\/#\/schema\/logo\/image\/","url":"https:\/\/englishlanguagemadeeasy.com\/wp-content\/uploads\/2021\/03\/cropped-LOGO.png","contentUrl":"https:\/\/englishlanguagemadeeasy.com\/wp-content\/uploads\/2021\/03\/cropped-LOGO.png","width":252,"height":178,"caption":"English Language Made Easy"},"image":{"@id":"https:\/\/englishlanguagemadeeasy.com\/es\/#\/schema\/logo\/image\/"}}]}},"_links":{"self":[{"href":"https:\/\/englishlanguagemadeeasy.com\/es\/wp-json\/wp\/v2\/pages\/1407","targetHints":{"allow":["GET"]}}],"collection":[{"href":"https:\/\/englishlanguagemadeeasy.com\/es\/wp-json\/wp\/v2\/pages"}],"about":[{"href":"https:\/\/englishlanguagemadeeasy.com\/es\/wp-json\/wp\/v2\/types\/page"}],"author":[{"embeddable":true,"href":"https:\/\/englishlanguagemadeeasy.com\/es\/wp-json\/wp\/v2\/users\/1"}],"replies":[{"embeddable":true,"href":"https:\/\/englishlanguagemadeeasy.com\/es\/wp-json\/wp\/v2\/comments?post=1407"}],"version-history":[{"count":22,"href":"https:\/\/englishlanguagemadeeasy.com\/es\/wp-json\/wp\/v2\/pages\/1407\/revisions"}],"predecessor-version":[{"id":2774,"href":"https:\/\/englishlanguagemadeeasy.com\/es\/wp-json\/wp\/v2\/pages\/1407\/revisions\/2774"}],"wp:attachment":[{"href":"https:\/\/englishlanguagemadeeasy.com\/es\/wp-json\/wp\/v2\/media?parent=1407"}],"curies":[{"name":"wp","href":"https:\/\/api.w.org\/{rel}","templated":true}]}}